{"id":118,"date":"2024-01-03T19:07:09","date_gmt":"2024-01-03T18:07:09","guid":{"rendered":"http:\/\/mdsconsilia.fr\/?page_id=118"},"modified":"2026-02-05T18:08:59","modified_gmt":"2026-02-05T17:08:59","slug":"contact","status":"publish","type":"page","link":"https:\/\/mdsconsilia.fr\/index.php\/contact\/","title":{"rendered":"Contactez-nous"},"content":{"rendered":"\n<p><\/p>\n\n\n<form enctype=\"multipart\/form-data\" method=\"post\" id=\"form_formulaire-de-contact\"  data-token=\"856aee415094002b6a67050bc9676221\" data-token=\"856aee415094002b6a67050bc9676221\" data-token=\"856aee415094002b6a67050bc9676221\">\n<fieldset>\n<legend>Formulaire de Contact<\/legend>\n<p><input type=\"hidden\" name=\"frm_action\" value=\"create\" \/><br \/>\n<input type=\"hidden\" name=\"form_id\" value=\"3\" \/><br \/>\n<input type=\"hidden\" name=\"frm_hide_fields_3\" id=\"frm_hide_fields_3\" value=\"\" \/><br \/>\n<input type=\"hidden\" name=\"form_key\" value=\"formulaire-de-contact\" \/><br \/>\n<input type=\"hidden\" name=\"item_meta[0]\" value=\"\" \/><br \/>\n<input type=\"hidden\" id=\"frm_submit_entry_3\" name=\"frm_submit_entry_3\" value=\"289b1e993c\" \/><input type=\"hidden\" name=\"_wp_http_referer\" value=\"\/wp-admin\/admin-ajax.php\" \/><br \/>\n    <label for=\"field_ef56x\" id=\"field_ef56x_label\">Entreprise<br \/>\n        *<br \/>\n    <\/label><br \/>\n    <input type=\"text\" id=\"field_ef56x\" name=\"item_meta[6]\" value=\"\"  data-reqmsg=\"Ce champ ne peut pas \u00eatre vide\" aria-required=\"true\" data-invmsg=\"texte est non valide\" aria-invalid=\"false\"  \/><br \/>\n    <label for=\"field_jy8k1\" id=\"field_jy8k1_label\">Nom<br \/>\n    <\/label><br \/>\n    <input type=\"text\" id=\"field_jy8k1\" name=\"item_meta[7]\" value=\"\"  data-invmsg=\"texte est non valide\" aria-invalid=\"false\"  \/><br \/>\n    <label for=\"field_kpjbb\" id=\"field_kpjbb_label\">Pr\u00e9nom<br \/>\n    <\/label><br \/>\n    <input type=\"text\" id=\"field_kpjbb\" name=\"item_meta[8]\" value=\"\"  data-invmsg=\"texte est non valide\" aria-invalid=\"false\"  \/><br \/>\n    <label for=\"field_dvlm5\" id=\"field_dvlm5_label\">Fonction<br \/>\n    <\/label><br \/>\n    <input type=\"text\" id=\"field_dvlm5\" name=\"item_meta[18]\" value=\"\"  data-invmsg=\"texte est non valide\" aria-invalid=\"false\"  \/><br \/>\n    <label for=\"field_51kem\" id=\"field_51kem_label\">Adresse<br \/>\n    <\/label><br \/>\n    <input type=\"text\" id=\"field_51kem\" name=\"item_meta[10]\" value=\"\"  data-invmsg=\"texte est non valide\" aria-invalid=\"false\"  \/><br \/>\n    <label for=\"field_cuwwe\" id=\"field_cuwwe_label\">Code Postal<br \/>\n    <\/label><br \/>\n    <input type=\"number\" id=\"field_cuwwe\" name=\"item_meta[23]\" value=\"\"  data-invmsg=\"texte est non valide\" aria-invalid=\"false\"   min=\"01000\" max=\"99999\" step=\"1\"\/><br \/>\n    <label for=\"field_jetg8\" id=\"field_jetg8_label\">Ville<br \/>\n    <\/label><br \/>\n    <input type=\"text\" id=\"field_jetg8\" name=\"item_meta[9]\" value=\"\"  data-invmsg=\"texte est non valide\" aria-invalid=\"false\"  \/><br \/>\n    <label for=\"field_xplwo\" id=\"field_xplwo_label\">Email<br \/>\n        *<br \/>\n    <\/label><br \/>\n    <input type=\"email\" id=\"field_xplwo\" name=\"item_meta[15]\" value=\"\"  data-reqmsg=\"Ce champ ne peut pas \u00eatre vide\" aria-required=\"true\" data-invmsg=\"Email est non valide\" aria-invalid=\"false\"  \/><br \/>\n    <label for=\"field_qngsy\" id=\"field_qngsy_label\">T\u00e9l\u00e9phone<br \/>\n    <\/label><br \/>\n    <input type=\"tel\" id=\"field_qngsy\" name=\"item_meta[17]\" value=\"\"  data-invmsg=\"Format invalide\" aria-invalid=\"false\" pattern=\"((+d{1,3}(-|.| )?(?d)?(-| |.)?d{1,5})|((?d{2,6})?))(-|.| )?(d{3,4})(-|.| )?(d{4})(( x| ext)d{1,5}){0,1}$\"  \/><br \/>\n    <label for=\"field_n0w5i\" id=\"field_n0w5i_label\">Votre message<br \/>\n    <\/label><br \/>\n    <textarea name=\"item_meta[20]\" id=\"field_n0w5i\" rows=\"5\"  data-invmsg=\"Votre message est non valide\" aria-invalid=\"false\"  ><\/textarea><br \/>\n\t<input type=\"hidden\" name=\"item_key\" value=\"\" \/><br \/>\n\t\t\t\t<label for=\"frm_email_3\" ><br \/>\n\t\t\t\t\tSi vous \u00eates un humain, ne remplissez pas ce champ.\t\t\t\t<\/label><br \/>\n\t\t\t\t<input  id=\"frm_email_3\" type=\"text\" name=\"frm__6595abaeb4819\" value=\"\" autocomplete=\"false\"  \/><br \/>\n<button type=\"submit\"  >Envoyer<\/button><br \/>\n<\/fieldset>\n<p style=\"display: none !important;\"><label>&#916;<textarea name=\"ak_hp_textarea\" cols=\"45\" rows=\"8\" maxlength=\"100\"><\/textarea><\/label><input type=\"hidden\" id=\"ak_js_3\" name=\"ak_js\" value=\"136\"\/><\/p>\n<\/form>","protected":false},"excerpt":{"rendered":"<p>Formulaire de Contact Entreprise * Nom Pr\u00e9nom Fonction Adresse Code Postal Ville Email * T\u00e9l\u00e9phone Votre message Si vous \u00eates un humain, ne remplissez pas ce champ. Envoyer &#916;<\/p>\n","protected":false},"author":1,"featured_media":0,"parent":0,"menu_order":0,"comment_status":"closed","ping_status":"closed","template":"","meta":{"footnotes":""},"class_list":["post-118","page","type-page","status-publish","hentry"],"yoast_head":"<!-- This site is optimized with the Yoast SEO plugin v27.4 - https:\/\/yoast.com\/product\/yoast-seo-wordpress\/ -->\n<title>Contactez-nous - MDS Consilia<\/title>\n<meta name=\"robots\" content=\"index, follow, max-snippet:-1, max-image-preview:large, max-video-preview:-1\" \/>\n<link rel=\"canonical\" href=\"https:\/\/mdsconsilia.fr\/index.php\/contact\/\" \/>\n<meta property=\"og:locale\" content=\"en_US\" \/>\n<meta property=\"og:type\" content=\"article\" \/>\n<meta property=\"og:title\" content=\"Contactez-nous - MDS Consilia\" \/>\n<meta property=\"og:description\" content=\"Formulaire de Contact Entreprise * Nom Pr\u00e9nom Fonction Adresse Code Postal Ville Email * T\u00e9l\u00e9phone Votre message Si vous \u00eates un humain, ne remplissez pas ce champ. Envoyer &#916;\" \/>\n<meta property=\"og:url\" content=\"https:\/\/mdsconsilia.fr\/index.php\/contact\/\" \/>\n<meta property=\"og:site_name\" content=\"MDS Consilia\" \/>\n<meta property=\"article:modified_time\" content=\"2026-02-05T17:08:59+00:00\" \/>\n<meta name=\"twitter:card\" content=\"summary_large_image\" \/>\n<meta name=\"twitter:label1\" content=\"Est. reading time\" \/>\n\t<meta name=\"twitter:data1\" content=\"1 minute\" \/>\n<script type=\"application\/ld+json\" class=\"yoast-schema-graph\">{\"@context\":\"https:\\\/\\\/schema.org\",\"@graph\":[{\"@type\":\"WebPage\",\"@id\":\"https:\\\/\\\/mdsconsilia.fr\\\/index.php\\\/contact\\\/\",\"url\":\"https:\\\/\\\/mdsconsilia.fr\\\/index.php\\\/contact\\\/\",\"name\":\"Contactez-nous - MDS Consilia\",\"isPartOf\":{\"@id\":\"http:\\\/\\\/mdsconsilia.fr\\\/#website\"},\"datePublished\":\"2024-01-03T18:07:09+00:00\",\"dateModified\":\"2026-02-05T17:08:59+00:00\",\"breadcrumb\":{\"@id\":\"https:\\\/\\\/mdsconsilia.fr\\\/index.php\\\/contact\\\/#breadcrumb\"},\"inLanguage\":\"en-US\",\"potentialAction\":[{\"@type\":\"ReadAction\",\"target\":[\"https:\\\/\\\/mdsconsilia.fr\\\/index.php\\\/contact\\\/\"]}]},{\"@type\":\"BreadcrumbList\",\"@id\":\"https:\\\/\\\/mdsconsilia.fr\\\/index.php\\\/contact\\\/#breadcrumb\",\"itemListElement\":[{\"@type\":\"ListItem\",\"position\":1,\"name\":\"Accueil\",\"item\":\"http:\\\/\\\/mdsconsilia.fr\\\/\"},{\"@type\":\"ListItem\",\"position\":2,\"name\":\"Contactez-nous\"}]},{\"@type\":\"WebSite\",\"@id\":\"http:\\\/\\\/mdsconsilia.fr\\\/#website\",\"url\":\"http:\\\/\\\/mdsconsilia.fr\\\/\",\"name\":\"MDS Consilia\",\"description\":\"MDS Consilia - Strat\u00e9gie Globale  &amp; Gestion des Risques de l&#039;entreprise\",\"publisher\":{\"@id\":\"http:\\\/\\\/mdsconsilia.fr\\\/#organization\"},\"potentialAction\":[{\"@type\":\"SearchAction\",\"target\":{\"@type\":\"EntryPoint\",\"urlTemplate\":\"http:\\\/\\\/mdsconsilia.fr\\\/?s={search_term_string}\"},\"query-input\":{\"@type\":\"PropertyValueSpecification\",\"valueRequired\":true,\"valueName\":\"search_term_string\"}}],\"inLanguage\":\"en-US\"},{\"@type\":\"Organization\",\"@id\":\"http:\\\/\\\/mdsconsilia.fr\\\/#organization\",\"name\":\"MDS Consilia\",\"url\":\"http:\\\/\\\/mdsconsilia.fr\\\/\",\"logo\":{\"@type\":\"ImageObject\",\"inLanguage\":\"en-US\",\"@id\":\"http:\\\/\\\/mdsconsilia.fr\\\/#\\\/schema\\\/logo\\\/image\\\/\",\"url\":\"https:\\\/\\\/mdsconsilia.fr\\\/wp-content\\\/uploads\\\/2024\\\/01\\\/cropped-MDS_logo_web2.jpg\",\"contentUrl\":\"https:\\\/\\\/mdsconsilia.fr\\\/wp-content\\\/uploads\\\/2024\\\/01\\\/cropped-MDS_logo_web2.jpg\",\"width\":499,\"height\":290,\"caption\":\"MDS Consilia\"},\"image\":{\"@id\":\"http:\\\/\\\/mdsconsilia.fr\\\/#\\\/schema\\\/logo\\\/image\\\/\"}}]}<\/script>\n<!-- \/ Yoast SEO plugin. -->","yoast_head_json":{"title":"Contactez-nous - MDS Consilia","robots":{"index":"index","follow":"follow","max-snippet":"max-snippet:-1","max-image-preview":"max-image-preview:large","max-video-preview":"max-video-preview:-1"},"canonical":"https:\/\/mdsconsilia.fr\/index.php\/contact\/","og_locale":"en_US","og_type":"article","og_title":"Contactez-nous - MDS Consilia","og_description":"Formulaire de Contact Entreprise * Nom Pr\u00e9nom Fonction Adresse Code Postal Ville Email * T\u00e9l\u00e9phone Votre message Si vous \u00eates un humain, ne remplissez pas ce champ. Envoyer &#916;","og_url":"https:\/\/mdsconsilia.fr\/index.php\/contact\/","og_site_name":"MDS Consilia","article_modified_time":"2026-02-05T17:08:59+00:00","twitter_card":"summary_large_image","twitter_misc":{"Est. reading time":"1 minute"},"schema":{"@context":"https:\/\/schema.org","@graph":[{"@type":"WebPage","@id":"https:\/\/mdsconsilia.fr\/index.php\/contact\/","url":"https:\/\/mdsconsilia.fr\/index.php\/contact\/","name":"Contactez-nous - MDS Consilia","isPartOf":{"@id":"http:\/\/mdsconsilia.fr\/#website"},"datePublished":"2024-01-03T18:07:09+00:00","dateModified":"2026-02-05T17:08:59+00:00","breadcrumb":{"@id":"https:\/\/mdsconsilia.fr\/index.php\/contact\/#breadcrumb"},"inLanguage":"en-US","potentialAction":[{"@type":"ReadAction","target":["https:\/\/mdsconsilia.fr\/index.php\/contact\/"]}]},{"@type":"BreadcrumbList","@id":"https:\/\/mdsconsilia.fr\/index.php\/contact\/#breadcrumb","itemListElement":[{"@type":"ListItem","position":1,"name":"Accueil","item":"http:\/\/mdsconsilia.fr\/"},{"@type":"ListItem","position":2,"name":"Contactez-nous"}]},{"@type":"WebSite","@id":"http:\/\/mdsconsilia.fr\/#website","url":"http:\/\/mdsconsilia.fr\/","name":"MDS Consilia","description":"MDS Consilia - Strat\u00e9gie Globale  &amp; Gestion des Risques de l&#039;entreprise","publisher":{"@id":"http:\/\/mdsconsilia.fr\/#organization"},"potentialAction":[{"@type":"SearchAction","target":{"@type":"EntryPoint","urlTemplate":"http:\/\/mdsconsilia.fr\/?s={search_term_string}"},"query-input":{"@type":"PropertyValueSpecification","valueRequired":true,"valueName":"search_term_string"}}],"inLanguage":"en-US"},{"@type":"Organization","@id":"http:\/\/mdsconsilia.fr\/#organization","name":"MDS Consilia","url":"http:\/\/mdsconsilia.fr\/","logo":{"@type":"ImageObject","inLanguage":"en-US","@id":"http:\/\/mdsconsilia.fr\/#\/schema\/logo\/image\/","url":"https:\/\/mdsconsilia.fr\/wp-content\/uploads\/2024\/01\/cropped-MDS_logo_web2.jpg","contentUrl":"https:\/\/mdsconsilia.fr\/wp-content\/uploads\/2024\/01\/cropped-MDS_logo_web2.jpg","width":499,"height":290,"caption":"MDS Consilia"},"image":{"@id":"http:\/\/mdsconsilia.fr\/#\/schema\/logo\/image\/"}}]}},"_links":{"self":[{"href":"https:\/\/mdsconsilia.fr\/index.php\/wp-json\/wp\/v2\/pages\/118","targetHints":{"allow":["GET"]}}],"collection":[{"href":"https:\/\/mdsconsilia.fr\/index.php\/wp-json\/wp\/v2\/pages"}],"about":[{"href":"https:\/\/mdsconsilia.fr\/index.php\/wp-json\/wp\/v2\/types\/page"}],"author":[{"embeddable":true,"href":"https:\/\/mdsconsilia.fr\/index.php\/wp-json\/wp\/v2\/users\/1"}],"replies":[{"embeddable":true,"href":"https:\/\/mdsconsilia.fr\/index.php\/wp-json\/wp\/v2\/comments?post=118"}],"version-history":[{"count":17,"href":"https:\/\/mdsconsilia.fr\/index.php\/wp-json\/wp\/v2\/pages\/118\/revisions"}],"predecessor-version":[{"id":258,"href":"https:\/\/mdsconsilia.fr\/index.php\/wp-json\/wp\/v2\/pages\/118\/revisions\/258"}],"wp:attachment":[{"href":"https:\/\/mdsconsilia.fr\/index.php\/wp-json\/wp\/v2\/media?parent=118"}],"curies":[{"name":"wp","href":"https:\/\/api.w.org\/{rel}","templated":true}]}}