{"id":693,"date":"2025-07-30T19:00:02","date_gmt":"2025-07-30T17:00:02","guid":{"rendered":"https:\/\/mdsconsilia.fr\/?page_id=693"},"modified":"2025-07-31T17:13:12","modified_gmt":"2025-07-31T15:13:12","slug":"cb-online-by-mds-consilia","status":"publish","type":"page","link":"https:\/\/mdsconsilia.fr\/index.php\/cb-online-by-mds-consilia\/","title":{"rendered":"CB Online by MDS Consilia"},"content":{"rendered":"\t\t<div data-elementor-type=\"wp-page\" data-elementor-id=\"693\" class=\"elementor elementor-693\">\n\t\t\t\t<div class=\"elementor-element elementor-element-6ecd946 e-flex e-con-boxed e-con e-parent\" data-id=\"6ecd946\" data-element_type=\"container\" data-e-type=\"container\">\n\t\t\t\t\t<div class=\"e-con-inner\">\n\t\t\t\t<div class=\"elementor-element elementor-element-71e6d95 elementor-widget elementor-widget-image\" data-id=\"71e6d95\" data-element_type=\"widget\" data-e-type=\"widget\" data-widget_type=\"image.default\">\n\t\t\t\t<div class=\"elementor-widget-container\">\n\t\t\t\t\t\t\t\t\t\t\t\t\t\t\t<img decoding=\"async\" width=\"300\" height=\"153\" src=\"http:\/\/mdsconsilia.fr\/wp-content\/uploads\/2025\/07\/LogoCBOnline_juin2025-300x153.jpg\" class=\"attachment-medium size-medium wp-image-695\" alt=\"\" srcset=\"http:\/\/mdsconsilia.fr\/wp-content\/uploads\/2025\/07\/LogoCBOnline_juin2025-300x153.jpg 300w, http:\/\/mdsconsilia.fr\/wp-content\/uploads\/2025\/07\/LogoCBOnline_juin2025-1024x522.jpg 1024w, http:\/\/mdsconsilia.fr\/wp-content\/uploads\/2025\/07\/LogoCBOnline_juin2025-768x391.jpg 768w, http:\/\/mdsconsilia.fr\/wp-content\/uploads\/2025\/07\/LogoCBOnline_juin2025.jpg 1272w\" sizes=\"(max-width: 300px) 100vw, 300px\" \/>\t\t\t\t\t\t\t\t\t\t\t\t\t\t\t<\/div>\n\t\t\t\t<\/div>\n\t\t\t\t\t<\/div>\n\t\t\t\t<\/div>\n\t\t<div class=\"elementor-element elementor-element-2b3d549 e-flex e-con-boxed e-con e-parent\" data-id=\"2b3d549\" data-element_type=\"container\" data-e-type=\"container\">\n\t\t\t\t\t<div class=\"e-con-inner\">\n\t\t\t\t<div class=\"elementor-element elementor-element-e5ab48e elementor-widget elementor-widget-text-editor\" data-id=\"e5ab48e\" data-element_type=\"widget\" data-e-type=\"widget\" data-widget_type=\"text-editor.default\">\n\t\t\t\t<div class=\"elementor-widget-container\">\n\t\t\t\t\t\t\t\t\t<p><strong><span dir=\"auto\" style=\"vertical-align: inherit;\"><span dir=\"auto\" style=\"vertical-align: inherit;\"><span dir=\"auto\" style=\"vertical-align: inherit;\"><span dir=\"auto\" style=\"vertical-align: inherit;\"><span dir=\"auto\" style=\"vertical-align: inherit;\"><span dir=\"auto\" style=\"vertical-align: inherit;\"><span dir=\"auto\" style=\"vertical-align: inherit;\"><span dir=\"auto\" style=\"vertical-align: inherit;\"><span dir=\"auto\" style=\"vertical-align: inherit;\"><span dir=\"auto\" style=\"vertical-align: inherit;\"><span dir=\"auto\" style=\"vertical-align: inherit;\"><span dir=\"auto\" style=\"vertical-align: inherit;\">CB Online<\/span><\/span><\/span><\/span><\/span><\/span><\/span><\/span><\/span><\/span><\/span><\/span><\/strong><\/p><p><b><span dir=\"auto\" style=\"vertical-align: inherit;\"><span dir=\"auto\" style=\"vertical-align: inherit;\"><span dir=\"auto\" style=\"vertical-align: inherit;\"><span dir=\"auto\" style=\"vertical-align: inherit;\"><span dir=\"auto\" style=\"vertical-align: inherit;\"><span dir=\"auto\" style=\"vertical-align: inherit;\"><span dir=\"auto\" style=\"vertical-align: inherit;\"><span dir=\"auto\" style=\"vertical-align: inherit;\"><span dir=\"auto\" style=\"vertical-align: inherit;\"><span dir=\"auto\" style=\"vertical-align: inherit;\"><span dir=\"auto\" style=\"vertical-align: inherit;\"><span dir=\"auto\" style=\"vertical-align: inherit;\">Le premier espace d\u00e9di\u00e9 100% en ligne, exclusivement destin\u00e9 aux experts R\u00e9mun\u00e9ration &amp; Avantages Sociaux<\/span><\/span><\/span><\/span><\/span><\/span><\/span><\/span><\/span><\/span><\/span><\/span><\/b><\/p>\t\t\t\t\t\t\t\t<\/div>\n\t\t\t\t<\/div>\n\t\t\t\t\t<\/div>\n\t\t\t\t<\/div>\n\t\t<div class=\"elementor-element elementor-element-4d8ec3a e-con-full e-flex e-con e-parent\" data-id=\"4d8ec3a\" data-element_type=\"container\" data-e-type=\"container\">\n\t\t\t\t<div class=\"elementor-element elementor-element-6839724 elementor-widget elementor-widget-heading\" data-id=\"6839724\" data-element_type=\"widget\" data-e-type=\"widget\" data-widget_type=\"heading.default\">\n\t\t\t\t<div class=\"elementor-widget-container\">\n\t\t\t\t\t<h2 class=\"elementor-heading-title elementor-size-default\"><p><b>MDS Consilia<\/b> a \u00e9t\u00e9 co-fond\u00e9 par Delphine Schneider. Evoluant dans la formation Comp &amp; Ben depuis pr\u00e8s de 10 ans apr\u00e8s avoir \u00e9volu\u00e9 dans le conseil RH, mon app\u00e9tence pour le Comp &amp; Ben n\u2019a cess\u00e9 de s\u2019accro\u00eetre&nbsp;!\nConnaissant les sujets et naviguant au quotidien avec les professionnels de la r\u00e9mun\u00e9ration et des avantages sociaux, l\u2019id\u00e9e a germ\u00e9\u2026<\/p>\n\n<br><p><b>CB Online<\/b> est une initiative port\u00e9e par <b>MDS Consilia<\/b>, sp\u00e9cialiste de la gestion des risques, pour accompagner les\nexperts Compensation &amp; Benefits dans la ma\u00eetrise des risques et la conduite des transformations RH.<\/p>\n<p>Sa particularit\u00e9 ? \u00catre <b>exclusivement r\u00e9serv\u00e9e aux professionnels C&amp;B <\/b>et int\u00e9gralement en ligne. Un espace d\u00e9di\u00e9\ns\u00e9lectif, accessible en tout lieu et \u00e0 tout moment, pens\u00e9 pour s\u2019adapter aux exigences et \u00e0 la confidentialit\u00e9 propres \u00e0 votre fonction.<\/p>\n<p><b><i>Pourquoi CB Online ?<\/i><\/b><\/p>\n<p>Chez MDS Consilia, nous savons que la fonction Compensation &amp; Benefits est au c\u0153ur de la performance et de l\u2019\u00e9quilibre social des organisations et qu\u2019elle implique de piloter des enjeux sensibles qui n\u00e9cessitent expertise, discr\u00e9tion et anticipation.<br>\nC\u2019est pourquoi nous avons cr\u00e9\u00e9 <b>CB Online<\/b>, le premier espace d\u00e9di\u00e9 <b>100% en ligne et exclusivement r\u00e9serv\u00e9 aux professionnels C&amp;B<\/b>, con\u00e7ue pour :<\/p><ul style=\"margin-top:0cm\" type=\"disc\"><span style=\"font-size: 20px\">* \u00c9change entre pairs et experts dans un cercle restreint et confidentiel,<\/span><br><span style=\"font-size: 20px\">* Renforcer votre ma\u00eetrise des risques li\u00e9s aux politiques de r\u00e9mun\u00e9ration,<\/span><br><span style=\"font-size: 20px\">* Anticiper les \u00e9volutions r\u00e9glementaires et soci\u00e9tales,<\/span><br><span style=\"font-size: 20px\">* Nourrir votre r\u00e9flexion strat\u00e9gique gr\u00e2ce \u00e0 des contenus experts et cibl\u00e9s.<\/span><br>\n<\/ul>\n\n<p><b><i>Ce que vous trouverez au sein du CB Online :<\/i><\/b><\/p>\n<p>En rejoignant l'espace d\u00e9di\u00e9 CB Online, vous b\u00e9n\u00e9ficiez d\u2019un acc\u00e8s en ligne \u00e0 :<span style=\"font-size: 20px\"> <\/span><\/p>\n\n<p>    * 10 Conf\u00e9rences mensuelles (en visioconf\u00e9rence, disponibles en replay),<br>\n    * 10 Newsletters, <br>\n    * Un Groupe d\u2019\u00e9changes ferm\u00e9 via un groupe LinkedIn, <br>\n    * Des Ressources t\u00e9l\u00e9chargeables exclusives suite aux conf\u00e9rences.<\/p>\n\n\n<p>Une communaut\u00e9 s\u00e9lective, pour celles et ceux qui font vivre la fonction C&amp;B au quotidien.<\/p>\n\n\n<p><b><i>Modalit\u00e9s d\u2019adh\u00e9sion :<\/i><\/b><\/p>\n\n<p>CB Online est <b>strictement r\u00e9serv\u00e9 aux professionnels Compensation &amp; Benefits.<\/b><br>\nL\u2019inscription est soumise \u00e0 une v\u00e9rification pour garantir la qualit\u00e9 et la coh\u00e9rence de la communaut\u00e9.<span style=\"font-family: Roboto, sans-serif;font-size: 20px;font-weight: 400\"><\/span><\/p><\/h2>\t\t\t\t<\/div>\n\t\t\t\t<\/div>\n\t\t\t\t<div class=\"elementor-element elementor-element-6b5e387 elementor-widget elementor-widget-heading\" data-id=\"6b5e387\" data-element_type=\"widget\" data-e-type=\"widget\" data-widget_type=\"heading.default\">\n\t\t\t\t<div class=\"elementor-widget-container\">\n\t\t\t\t\t<h2 class=\"elementor-heading-title elementor-size-default\"><a href=\"https:\/\/mdsconsilia.fr\/index.php\/demande-dadhesion-au-cb-online-by-mds-consilia-2025\/\" target=\"_blank\"><span style=\"font-family: Roboto, sans-serif;font-size: 20px;font-style: normal;font-weight: 400;text-align: justify\">Rejoignez-nous d\u00e8s maintenant pour adh\u00e9rer \u00e0 l'espace d\u00e9di\u00e9 CB Online by MDS Consilia.<\/span><\/a><\/h2>\t\t\t\t<\/div>\n\t\t\t\t<\/div>\n\t\t\t\t<\/div>\n\t\t\t\t<\/div>\n\t\t","protected":false},"excerpt":{"rendered":"<p>CB Online Le premier espace d\u00e9di\u00e9 100% en ligne, exclusivement destin\u00e9 aux experts R\u00e9mun\u00e9ration &amp; Avantages Sociaux MDS Consilia a \u00e9t\u00e9 co-fond\u00e9 par Delphine Schneider. Evoluant dans la formation Comp &amp; Ben depuis pr\u00e8s de 10 ans apr\u00e8s avoir \u00e9volu\u00e9 dans le conseil RH, mon app\u00e9tence pour le Comp &amp; Ben n\u2019a cess\u00e9 de s\u2019accro\u00eetre&nbsp;! [&hellip;]<\/p>\n","protected":false},"author":1,"featured_media":695,"parent":0,"menu_order":0,"comment_status":"closed","ping_status":"closed","template":"","meta":{"footnotes":""},"class_list":["post-693","page","type-page","status-publish","has-post-thumbnail","hentry"],"yoast_head":"<!-- This site is optimized with the Yoast SEO plugin v27.4 - https:\/\/yoast.com\/product\/yoast-seo-wordpress\/ -->\n<title>CB Online by MDS Consilia - MDS Consilia<\/title>\n<meta name=\"robots\" content=\"index, follow, max-snippet:-1, max-image-preview:large, max-video-preview:-1\" \/>\n<link rel=\"canonical\" href=\"https:\/\/mdsconsilia.fr\/index.php\/cb-online-by-mds-consilia\/\" \/>\n<meta property=\"og:locale\" content=\"en_US\" \/>\n<meta property=\"og:type\" content=\"article\" \/>\n<meta property=\"og:title\" content=\"CB Online by MDS Consilia - MDS Consilia\" \/>\n<meta property=\"og:description\" content=\"CB Online Le premier espace d\u00e9di\u00e9 100% en ligne, exclusivement destin\u00e9 aux experts R\u00e9mun\u00e9ration &amp; Avantages Sociaux MDS Consilia a \u00e9t\u00e9 co-fond\u00e9 par Delphine Schneider. Evoluant dans la formation Comp &amp; Ben depuis pr\u00e8s de 10 ans apr\u00e8s avoir \u00e9volu\u00e9 dans le conseil RH, mon app\u00e9tence pour le Comp &amp; Ben n\u2019a cess\u00e9 de s\u2019accro\u00eetre&nbsp;! [&hellip;]\" \/>\n<meta property=\"og:url\" content=\"https:\/\/mdsconsilia.fr\/index.php\/cb-online-by-mds-consilia\/\" \/>\n<meta property=\"og:site_name\" content=\"MDS Consilia\" \/>\n<meta property=\"article:modified_time\" content=\"2025-07-31T15:13:12+00:00\" \/>\n<meta property=\"og:image\" content=\"https:\/\/mdsconsilia.fr\/wp-content\/uploads\/2025\/07\/LogoCBOnline_juin2025.jpg\" \/>\n\t<meta property=\"og:image:width\" content=\"1272\" \/>\n\t<meta property=\"og:image:height\" content=\"648\" \/>\n\t<meta property=\"og:image:type\" content=\"image\/jpeg\" \/>\n<meta name=\"twitter:card\" content=\"summary_large_image\" \/>\n<meta name=\"twitter:label1\" content=\"Est. reading time\" \/>\n\t<meta name=\"twitter:data1\" content=\"2 minutes\" \/>\n<script type=\"application\/ld+json\" class=\"yoast-schema-graph\">{\"@context\":\"https:\\\/\\\/schema.org\",\"@graph\":[{\"@type\":\"WebPage\",\"@id\":\"https:\\\/\\\/mdsconsilia.fr\\\/index.php\\\/cb-online-by-mds-consilia\\\/\",\"url\":\"https:\\\/\\\/mdsconsilia.fr\\\/index.php\\\/cb-online-by-mds-consilia\\\/\",\"name\":\"CB Online by MDS Consilia - MDS Consilia\",\"isPartOf\":{\"@id\":\"https:\\\/\\\/mdsconsilia.fr\\\/#website\"},\"primaryImageOfPage\":{\"@id\":\"https:\\\/\\\/mdsconsilia.fr\\\/index.php\\\/cb-online-by-mds-consilia\\\/#primaryimage\"},\"image\":{\"@id\":\"https:\\\/\\\/mdsconsilia.fr\\\/index.php\\\/cb-online-by-mds-consilia\\\/#primaryimage\"},\"thumbnailUrl\":\"https:\\\/\\\/mdsconsilia.fr\\\/wp-content\\\/uploads\\\/2025\\\/07\\\/LogoCBOnline_juin2025.jpg\",\"datePublished\":\"2025-07-30T17:00:02+00:00\",\"dateModified\":\"2025-07-31T15:13:12+00:00\",\"breadcrumb\":{\"@id\":\"https:\\\/\\\/mdsconsilia.fr\\\/index.php\\\/cb-online-by-mds-consilia\\\/#breadcrumb\"},\"inLanguage\":\"en-US\",\"potentialAction\":[{\"@type\":\"ReadAction\",\"target\":[\"https:\\\/\\\/mdsconsilia.fr\\\/index.php\\\/cb-online-by-mds-consilia\\\/\"]}]},{\"@type\":\"ImageObject\",\"inLanguage\":\"en-US\",\"@id\":\"https:\\\/\\\/mdsconsilia.fr\\\/index.php\\\/cb-online-by-mds-consilia\\\/#primaryimage\",\"url\":\"https:\\\/\\\/mdsconsilia.fr\\\/wp-content\\\/uploads\\\/2025\\\/07\\\/LogoCBOnline_juin2025.jpg\",\"contentUrl\":\"https:\\\/\\\/mdsconsilia.fr\\\/wp-content\\\/uploads\\\/2025\\\/07\\\/LogoCBOnline_juin2025.jpg\",\"width\":1272,\"height\":648},{\"@type\":\"BreadcrumbList\",\"@id\":\"https:\\\/\\\/mdsconsilia.fr\\\/index.php\\\/cb-online-by-mds-consilia\\\/#breadcrumb\",\"itemListElement\":[{\"@type\":\"ListItem\",\"position\":1,\"name\":\"Accueil\",\"item\":\"https:\\\/\\\/mdsconsilia.fr\\\/\"},{\"@type\":\"ListItem\",\"position\":2,\"name\":\"CB Online by MDS Consilia\"}]},{\"@type\":\"WebSite\",\"@id\":\"https:\\\/\\\/mdsconsilia.fr\\\/#website\",\"url\":\"https:\\\/\\\/mdsconsilia.fr\\\/\",\"name\":\"MDS Consilia\",\"description\":\"MDS Consilia - Strat\u00e9gie Globale  &amp; Gestion des Risques de l&#039;entreprise\",\"publisher\":{\"@id\":\"https:\\\/\\\/mdsconsilia.fr\\\/#organization\"},\"potentialAction\":[{\"@type\":\"SearchAction\",\"target\":{\"@type\":\"EntryPoint\",\"urlTemplate\":\"https:\\\/\\\/mdsconsilia.fr\\\/?s={search_term_string}\"},\"query-input\":{\"@type\":\"PropertyValueSpecification\",\"valueRequired\":true,\"valueName\":\"search_term_string\"}}],\"inLanguage\":\"en-US\"},{\"@type\":\"Organization\",\"@id\":\"https:\\\/\\\/mdsconsilia.fr\\\/#organization\",\"name\":\"MDS Consilia\",\"url\":\"https:\\\/\\\/mdsconsilia.fr\\\/\",\"logo\":{\"@type\":\"ImageObject\",\"inLanguage\":\"en-US\",\"@id\":\"https:\\\/\\\/mdsconsilia.fr\\\/#\\\/schema\\\/logo\\\/image\\\/\",\"url\":\"https:\\\/\\\/mdsconsilia.fr\\\/wp-content\\\/uploads\\\/2024\\\/01\\\/cropped-MDS_logo_web2.jpg\",\"contentUrl\":\"https:\\\/\\\/mdsconsilia.fr\\\/wp-content\\\/uploads\\\/2024\\\/01\\\/cropped-MDS_logo_web2.jpg\",\"width\":499,\"height\":290,\"caption\":\"MDS Consilia\"},\"image\":{\"@id\":\"https:\\\/\\\/mdsconsilia.fr\\\/#\\\/schema\\\/logo\\\/image\\\/\"}}]}<\/script>\n<!-- \/ Yoast SEO plugin. -->","yoast_head_json":{"title":"CB Online by MDS Consilia - MDS Consilia","robots":{"index":"index","follow":"follow","max-snippet":"max-snippet:-1","max-image-preview":"max-image-preview:large","max-video-preview":"max-video-preview:-1"},"canonical":"https:\/\/mdsconsilia.fr\/index.php\/cb-online-by-mds-consilia\/","og_locale":"en_US","og_type":"article","og_title":"CB Online by MDS Consilia - MDS Consilia","og_description":"CB Online Le premier espace d\u00e9di\u00e9 100% en ligne, exclusivement destin\u00e9 aux experts R\u00e9mun\u00e9ration &amp; Avantages Sociaux MDS Consilia a \u00e9t\u00e9 co-fond\u00e9 par Delphine Schneider. Evoluant dans la formation Comp &amp; Ben depuis pr\u00e8s de 10 ans apr\u00e8s avoir \u00e9volu\u00e9 dans le conseil RH, mon app\u00e9tence pour le Comp &amp; Ben n\u2019a cess\u00e9 de s\u2019accro\u00eetre&nbsp;! [&hellip;]","og_url":"https:\/\/mdsconsilia.fr\/index.php\/cb-online-by-mds-consilia\/","og_site_name":"MDS Consilia","article_modified_time":"2025-07-31T15:13:12+00:00","og_image":[{"width":1272,"height":648,"url":"https:\/\/mdsconsilia.fr\/wp-content\/uploads\/2025\/07\/LogoCBOnline_juin2025.jpg","type":"image\/jpeg"}],"twitter_card":"summary_large_image","twitter_misc":{"Est. reading time":"2 minutes"},"schema":{"@context":"https:\/\/schema.org","@graph":[{"@type":"WebPage","@id":"https:\/\/mdsconsilia.fr\/index.php\/cb-online-by-mds-consilia\/","url":"https:\/\/mdsconsilia.fr\/index.php\/cb-online-by-mds-consilia\/","name":"CB Online by MDS Consilia - MDS Consilia","isPartOf":{"@id":"https:\/\/mdsconsilia.fr\/#website"},"primaryImageOfPage":{"@id":"https:\/\/mdsconsilia.fr\/index.php\/cb-online-by-mds-consilia\/#primaryimage"},"image":{"@id":"https:\/\/mdsconsilia.fr\/index.php\/cb-online-by-mds-consilia\/#primaryimage"},"thumbnailUrl":"https:\/\/mdsconsilia.fr\/wp-content\/uploads\/2025\/07\/LogoCBOnline_juin2025.jpg","datePublished":"2025-07-30T17:00:02+00:00","dateModified":"2025-07-31T15:13:12+00:00","breadcrumb":{"@id":"https:\/\/mdsconsilia.fr\/index.php\/cb-online-by-mds-consilia\/#breadcrumb"},"inLanguage":"en-US","potentialAction":[{"@type":"ReadAction","target":["https:\/\/mdsconsilia.fr\/index.php\/cb-online-by-mds-consilia\/"]}]},{"@type":"ImageObject","inLanguage":"en-US","@id":"https:\/\/mdsconsilia.fr\/index.php\/cb-online-by-mds-consilia\/#primaryimage","url":"https:\/\/mdsconsilia.fr\/wp-content\/uploads\/2025\/07\/LogoCBOnline_juin2025.jpg","contentUrl":"https:\/\/mdsconsilia.fr\/wp-content\/uploads\/2025\/07\/LogoCBOnline_juin2025.jpg","width":1272,"height":648},{"@type":"BreadcrumbList","@id":"https:\/\/mdsconsilia.fr\/index.php\/cb-online-by-mds-consilia\/#breadcrumb","itemListElement":[{"@type":"ListItem","position":1,"name":"Accueil","item":"https:\/\/mdsconsilia.fr\/"},{"@type":"ListItem","position":2,"name":"CB Online by MDS Consilia"}]},{"@type":"WebSite","@id":"https:\/\/mdsconsilia.fr\/#website","url":"https:\/\/mdsconsilia.fr\/","name":"MDS Consilia","description":"MDS Consilia - Strat\u00e9gie Globale  &amp; Gestion des Risques de l&#039;entreprise","publisher":{"@id":"https:\/\/mdsconsilia.fr\/#organization"},"potentialAction":[{"@type":"SearchAction","target":{"@type":"EntryPoint","urlTemplate":"https:\/\/mdsconsilia.fr\/?s={search_term_string}"},"query-input":{"@type":"PropertyValueSpecification","valueRequired":true,"valueName":"search_term_string"}}],"inLanguage":"en-US"},{"@type":"Organization","@id":"https:\/\/mdsconsilia.fr\/#organization","name":"MDS Consilia","url":"https:\/\/mdsconsilia.fr\/","logo":{"@type":"ImageObject","inLanguage":"en-US","@id":"https:\/\/mdsconsilia.fr\/#\/schema\/logo\/image\/","url":"https:\/\/mdsconsilia.fr\/wp-content\/uploads\/2024\/01\/cropped-MDS_logo_web2.jpg","contentUrl":"https:\/\/mdsconsilia.fr\/wp-content\/uploads\/2024\/01\/cropped-MDS_logo_web2.jpg","width":499,"height":290,"caption":"MDS Consilia"},"image":{"@id":"https:\/\/mdsconsilia.fr\/#\/schema\/logo\/image\/"}}]}},"_links":{"self":[{"href":"https:\/\/mdsconsilia.fr\/index.php\/wp-json\/wp\/v2\/pages\/693","targetHints":{"allow":["GET"]}}],"collection":[{"href":"https:\/\/mdsconsilia.fr\/index.php\/wp-json\/wp\/v2\/pages"}],"about":[{"href":"https:\/\/mdsconsilia.fr\/index.php\/wp-json\/wp\/v2\/types\/page"}],"author":[{"embeddable":true,"href":"https:\/\/mdsconsilia.fr\/index.php\/wp-json\/wp\/v2\/users\/1"}],"replies":[{"embeddable":true,"href":"https:\/\/mdsconsilia.fr\/index.php\/wp-json\/wp\/v2\/comments?post=693"}],"version-history":[{"count":22,"href":"https:\/\/mdsconsilia.fr\/index.php\/wp-json\/wp\/v2\/pages\/693\/revisions"}],"predecessor-version":[{"id":789,"href":"https:\/\/mdsconsilia.fr\/index.php\/wp-json\/wp\/v2\/pages\/693\/revisions\/789"}],"wp:featuredmedia":[{"embeddable":true,"href":"https:\/\/mdsconsilia.fr\/index.php\/wp-json\/wp\/v2\/media\/695"}],"wp:attachment":[{"href":"https:\/\/mdsconsilia.fr\/index.php\/wp-json\/wp\/v2\/media?parent=693"}],"curies":[{"name":"wp","href":"https:\/\/api.w.org\/{rel}","templated":true}]}}