{"id":709,"date":"2025-07-30T20:50:11","date_gmt":"2025-07-30T18:50:11","guid":{"rendered":"https:\/\/mdsconsilia.fr\/?page_id=709"},"modified":"2026-02-27T17:23:33","modified_gmt":"2026-02-27T16:23:33","slug":"cgv-cb-online-by-mds-consilia","status":"publish","type":"page","link":"https:\/\/mdsconsilia.fr\/index.php\/cgv-cb-online-by-mds-consilia\/","title":{"rendered":"CGV CB Online By MDS Consilia"},"content":{"rendered":"\t\t<div data-elementor-type=\"wp-page\" data-elementor-id=\"709\" class=\"elementor elementor-709\">\n\t\t\t\t<div class=\"elementor-element elementor-element-2b3e6ba e-flex e-con-boxed e-con e-parent\" data-id=\"2b3e6ba\" data-element_type=\"container\" data-e-type=\"container\">\n\t\t\t\t\t<div class=\"e-con-inner\">\n\t\t\t\t<div class=\"elementor-element elementor-element-ce62f87 elementor-widget elementor-widget-text-editor\" data-id=\"ce62f87\" data-element_type=\"widget\" data-e-type=\"widget\" data-widget_type=\"text-editor.default\">\n\t\t\t\t<div class=\"elementor-widget-container\">\n\t\t\t\t\t\t\t\t\t<p class=\"MsoNormal\" style=\"text-align: justify;\"><b><span dir=\"auto\" style=\"vertical-align: inherit;\"><span dir=\"auto\" style=\"vertical-align: inherit;\">Pr\u00e9ambule<\/span><\/span><\/b><\/p><p class=\"MsoNormal\" style=\"text-align: justify;\"><span dir=\"auto\" style=\"vertical-align: inherit;\"><span dir=\"auto\" style=\"vertical-align: inherit;\">CB Online by MDS Consilia est une initiative port\u00e9e par <\/span><\/span><b><span dir=\"auto\" style=\"vertical-align: inherit;\"><span dir=\"auto\" style=\"vertical-align: inherit;\">MDS Consilia<\/span><\/span><\/b><span dir=\"auto\" style=\"vertical-align: inherit;\"><span dir=\"auto\" style=\"vertical-align: inherit;\"> qui s&#8217;inscrit dans une d\u00e9marche professionnelle, collaborative et \u00e9thique. L&#8217;objectif de cet espace d\u00e9di\u00e9 aux professionnels de la r\u00e9mun\u00e9ration et des avantages sociaux est de permettre aux membres de b\u00e9n\u00e9ficier d&#8217;un espace privil\u00e9gi\u00e9 d&#8217;\u00e9changes, de conf\u00e9rences et de ressources sp\u00e9cialis\u00e9es, favorisant le d\u00e9veloppement des comp\u00e9tences et le partage d&#8217;exp\u00e9riences, dans le respect des r\u00e8gles de courtoisie, de confidentialit\u00e9 et de loyaut\u00e9 qui r\u00e9gissent la profession.<\/span><\/span><\/p><p class=\"MsoNormal\" style=\"text-align: justify;\"><span dir=\"auto\" style=\"vertical-align: inherit;\"><span dir=\"auto\" style=\"vertical-align: inherit;\">Les pr\u00e9sentes Conditions G\u00e9n\u00e9rales de Vente (CGV) pr\u00e9cisent les droits et obligations r\u00e9ciproques de MDS Consilia et des adh\u00e9rents au CB Online by MDS Consilia. Toute souscription emporte acceptation pleine et enti\u00e8re des CGV.<\/span><\/span><\/p><p class=\"MsoNormal\" style=\"text-align: justify;\"><b><span dir=\"auto\" style=\"vertical-align: inherit;\"><span dir=\"auto\" style=\"vertical-align: inherit;\">1. Objet<\/span><\/span><\/b><\/p><p class=\"MsoNormal\" style=\"text-align: justify;\"><span dir=\"auto\" style=\"vertical-align: inherit;\"><span dir=\"auto\" style=\"vertical-align: inherit;\">Les pr\u00e9sentes CGV ont pour objet de d\u00e9finir les modalit\u00e9s et conditions applicables \u00e0 l&#8217;adh\u00e9sion et \u00e0 l&#8217;acc\u00e8s aux services en ligne propos\u00e9s par MDS Consilia dans le cadre du CB Online by MDS Consilia.<\/span><\/span><\/p><p class=\"MsoNormal\" style=\"text-align: justify;\"><b><span dir=\"auto\" style=\"vertical-align: inherit;\"><span dir=\"auto\" style=\"vertical-align: inherit;\">2. Identit\u00e9 du prestataire<\/span><\/span><\/b><\/p><p class=\"MsoNormal\" style=\"text-align: justify;\"><b><span dir=\"auto\" style=\"vertical-align: inherit;\"><span dir=\"auto\" style=\"vertical-align: inherit;\">MDS Consilia<\/span><\/span><\/b><span dir=\"auto\" style=\"vertical-align: inherit;\"><span dir=\"auto\" style=\"vertical-align: inherit;\"> , SARL au capital de 1000 \u20ac, immatricul\u00e9e au RCS de Montpellier sous le num\u00e9ro 930 958 582, dont le si\u00e8ge social est situ\u00e9 384 avenue Adolphe Alphand \u00e0 Montpellier repr\u00e9sent\u00e9 par Delphine SCHNEIDER en qualit\u00e9 de g\u00e9rant, propose les services en ligne de l&#8217;espace d\u00e9di\u00e9 CB Online par MDS Consilia.<br \/><\/span><\/span><span style=\"font-size: 14px;\">N\u00b0 de TVA intracommunautaire : FR57930958582<br \/><\/span><span dir=\"auto\" style=\"font-size: 14px; vertical-align: inherit;\"><span dir=\"auto\" style=\"vertical-align: inherit;\">Contact : <\/span><\/span><a style=\"font-size: 14px; background-color: #ffffff;\" href=\"mailto:cb-online@mdsconsilia.fr\"><span dir=\"auto\" style=\"vertical-align: inherit;\"><span dir=\"auto\" style=\"vertical-align: inherit;\">cb-online@mdsconsilia.fr<\/span><\/span><\/a><span dir=\"auto\" style=\"font-size: 14px; vertical-align: inherit;\"><span dir=\"auto\" style=\"vertical-align: inherit;\"> \u00a0 \/ 06 16 57 45 43<\/span><\/span><\/p><p class=\"MsoNormal\" style=\"text-align: justify;\"><b><span dir=\"auto\" style=\"vertical-align: inherit;\"><span dir=\"auto\" style=\"vertical-align: inherit;\">3. Services propos\u00e9s<\/span><\/span><\/b><\/p><p class=\"MsoNormal\" style=\"text-align: justify;\"><span dir=\"auto\" style=\"vertical-align: inherit;\"><span dir=\"auto\" style=\"vertical-align: inherit;\">CB Online by MDS Consilia est un espace en ligne d&#8217;\u00e9changes professionnels, de conf\u00e9rences, de ressources et de services annexes, destin\u00e9 aux professionnels de la r\u00e9mun\u00e9ration et des avantages sociaux. Les prestations exactes et leur description sont d\u00e9taill\u00e9es dans la documentation commerciale et sur le site internet de MDS Consilia.<\/span><\/span><\/p><p class=\"MsoNormal\" style=\"text-align: justify;\"><b><span dir=\"auto\" style=\"vertical-align: inherit;\"><span dir=\"auto\" style=\"vertical-align: inherit;\">4. Modalit\u00e9s d&#8217;adh\u00e9sion<\/span><\/span><\/b><\/p><p class=\"MsoNormal\" style=\"text-align: justify;\"><span dir=\"auto\" style=\"vertical-align: inherit;\"><span dir=\"auto\" style=\"vertical-align: inherit;\">L&#8217;adh\u00e9sion est annuelle, valable pour une p\u00e9riode de douze (12) mois \u00e0 compter de la date de r\u00e9ception du paiement, sauf stipulation contraire. L&#8217;acc\u00e8s aux services est conditionn\u00e9 \u00e0 la r\u00e9ception int\u00e9grale du r\u00e8glement.<\/span><\/span><\/p><p class=\"MsoNormal\" style=\"text-align: justify;\"><b><span dir=\"auto\" style=\"vertical-align: inherit;\"><span dir=\"auto\" style=\"vertical-align: inherit;\">5. Dur\u00e9e et reconduction<\/span><\/span><\/b><\/p><p class=\"MsoNormal\" style=\"text-align: justify;\"><span dir=\"auto\" style=\"vertical-align: inherit;\"><span dir=\"auto\" style=\"vertical-align: inherit;\">L&#8217;adh\u00e9sion est conclue pour une dur\u00e9e ferme d&#8217;un an. Elle peut \u00eatre reconduite tacitement pour des p\u00e9riodes successives d&#8217;un an, sauf d\u00e9nonciation par l&#8217;une des parties par courrier ou email avec accus\u00e9 de r\u00e9ception au moins trente (30) jours avant l&#8217;\u00e9ch\u00e9ance.<\/span><\/span><\/p><p class=\"MsoNormal\" style=\"text-align: justify;\"><b><span dir=\"auto\" style=\"vertical-align: inherit;\"><span dir=\"auto\" style=\"vertical-align: inherit;\">6. Tarifs et conditions de r\u00e8glement<\/span><\/span><\/b><\/p><p class=\"MsoNormal\" style=\"text-align: justify;\"><span dir=\"auto\" style=\"vertical-align: inherit;\"><span dir=\"auto\" style=\"vertical-align: inherit;\">Les tarifs applicables sont ceux en vigueur au jour de la souscription. Les prix s&#8217;entendent hors taxes et sont major\u00e9s de la TVA au taux applicable. Le r\u00e8glement s&#8217;effectue en esp\u00e8ces, \u00e0 r\u00e9ception de la facture, par virement bancaire. Tout retard de paiement donnera lieu, de plein droit et sans mise en demeure pr\u00e9alable, \u00e0 l&#8217;application d&#8217;int\u00e9r\u00eats de retard au taux l\u00e9gal major\u00e9, ainsi qu&#8217;\u00e0 l&#8217;indemnit\u00e9 forfaitaire de recouvrement pr\u00e9vue par l&#8217;article L441-10 du Code de commerce (40 \u20ac).<\/span><\/span><\/p><p>Les tarifs et dur\u00e9es d&#8217;acc\u00e8s peuvent \u00eatre ajust\u00e9s selon les modalit\u00e9s de l&#8217;offre de parrainage d\u00e9taill\u00e9es \u00e0 l&#8217;Article 15 des pr\u00e9sentes.<\/p><p class=\"MsoNormal\" style=\"text-align: justify;\"><b><span dir=\"auto\" style=\"vertical-align: inherit;\"><span dir=\"auto\" style=\"vertical-align: inherit;\">7. Acc\u00e8s au service<\/span><\/span><\/b><\/p><p class=\"MsoNormal\" style=\"text-align: justify;\"><span dir=\"auto\" style=\"vertical-align: inherit;\"><span dir=\"auto\" style=\"vertical-align: inherit;\">MDS Consilia met tout en \u0153uvre pour assurer un acc\u00e8s continu aux services CB Online par MDS Consilia. Toutefois, la soci\u00e9t\u00e9 ne saurait \u00eatre tenue responsable des interruptions dues aux op\u00e9rations de maintenance, aux pannes techniques ou aux \u00e9v\u00e9nements de force majeure.<\/span><\/span><\/p><p class=\"MsoNormal\" style=\"text-align: justify;\"><b><span dir=\"auto\" style=\"vertical-align: inherit;\"><span dir=\"auto\" style=\"vertical-align: inherit;\">8. Obligations de l&#8217;adh\u00e9rent<\/span><\/span><\/b><\/p><p class=\"MsoNormal\" style=\"text-align: justify;\"><span dir=\"auto\" style=\"vertical-align: inherit;\"><span dir=\"auto\" style=\"vertical-align: inherit;\">L&#8217;adh\u00e9rent s&#8217;engage \u00e0 utiliser les services dans le respect des lois et r\u00e8glements en vigueur, des droits des tiers et des r\u00e8gles \u00e9thiques de la profession. Il est strictement interdit \u00e0 l&#8217;adh\u00e9rent d&#8217;utiliser les services, outils et mises \u00e0 disposition par CB Online by MDS Consilia pour promouvoir directement ou indirectement ses propres services, produits, activit\u00e9s ou ceux de tiers, \u00e0 des fins commerciales, publicitaires ou de prospection. Toute utilisation abusive, frauduleuse ou contraire \u00e0 l&#8217;esprit de la plateforme pourra entra\u00eener la suspension imm\u00e9diate ou la r\u00e9siliation de l&#8217;adh\u00e9sion, sans remboursement.<\/span><\/span><\/p><p class=\"MsoNormal\" style=\"text-align: justify;\"><b><span dir=\"auto\" style=\"vertical-align: inherit;\"><span dir=\"auto\" style=\"vertical-align: inherit;\">9. Propri\u00e9t\u00e9 intellectuelle<\/span><\/span><\/b><\/p><p class=\"MsoNormal\" style=\"text-align: justify;\"><span dir=\"auto\" style=\"vertical-align: inherit;\"><span dir=\"auto\" style=\"vertical-align: inherit;\">Tous les contenus diffus\u00e9s sur CB Online par MDS Consilia (textes, vid\u00e9os, documents, marques, logos) sont la propri\u00e9t\u00e9 exclusive de MDS Consilia ou de ses partenaires et sont prot\u00e9g\u00e9s par les lois relatives \u00e0 la propri\u00e9t\u00e9 intellectuelle. Toute reproduction, repr\u00e9sentation, diffusion ou exploitation non autoris\u00e9e est strictement interdite.<\/span><\/span><\/p><p class=\"MsoNormal\" style=\"text-align: justify;\"><b><span dir=\"auto\" style=\"vertical-align: inherit;\"><span dir=\"auto\" style=\"vertical-align: inherit;\">10. Protection des donn\u00e9es personnelles<\/span><\/span><\/b><\/p><p class=\"MsoNormal\" style=\"text-align: justify;\"><span dir=\"auto\" style=\"vertical-align: inherit;\"><span dir=\"auto\" style=\"vertical-align: inherit;\">MDS Consilia collecte et traite les donn\u00e9es personnelles de l&#8217;adh\u00e9rent conform\u00e9ment \u00e0 la r\u00e9glementation en vigueur, notamment le RGPD. Ces donn\u00e9es sont utilis\u00e9es uniquement dans le cadre de la gestion des adh\u00e9sions et des services propos\u00e9s. L&#8217;adh\u00e9rent dispose d&#8217;un droit d&#8217;acc\u00e8s, de rectification, de suppression et de portabilit\u00e9 de ses donn\u00e9es, qu&#8217;il peut exercer en \u00e9crivant \u00e0 <\/span><\/span><a href=\"mailto:contact@mdsconsilia.fr\"><span dir=\"auto\" style=\"vertical-align: inherit;\"><span dir=\"auto\" style=\"vertical-align: inherit;\">contact@mdsconsilia.fr<\/span><\/span><\/a><span dir=\"auto\" style=\"vertical-align: inherit;\"><span dir=\"auto\" style=\"vertical-align: inherit;\"> . Dans le cadre de l\u2019offre de parrainage, MDS Consilia traite les donn\u00e9es d&#8217;identification du Parrain communiqu\u00e9es par le Filleul afin de valider l&#8217;\u00e9ligibilit\u00e9 \u00e0 l&#8217;offre et de proc\u00e9der \u00e0 la prolongation des droits d&#8217;acc\u00e8s.\u00a0<\/span><\/span><\/p><p class=\"MsoNormal\" style=\"text-align: justify;\"><b><span dir=\"auto\" style=\"vertical-align: inherit;\"><span dir=\"auto\" style=\"vertical-align: inherit;\">11. Droit \u00e0 l&#8217;image<\/span><\/span><\/b><\/p><p class=\"MsoNormal\" style=\"text-align: justify;\"><span dir=\"auto\" style=\"vertical-align: inherit;\"><span dir=\"auto\" style=\"vertical-align: inherit;\">L&#8217;adh\u00e9sion au CB Online par MDS Consilia implique l&#8217;acceptation de l&#8217;utilisation \u00e9ventuelle de l&#8217;image de l&#8217;adh\u00e9rent \u00e0 des fins de promotion du CB Online par MDS Consilia sur tout moyen de communication. En cas de r\u00e9serve, contactez les services de MDS Consilia.<\/span><\/span><\/p><p class=\"MsoNormal\" style=\"text-align: justify;\"><b><span dir=\"auto\" style=\"vertical-align: inherit;\"><span dir=\"auto\" style=\"vertical-align: inherit;\">12. Force majeure<\/span><\/span><\/b><\/p><p class=\"MsoNormal\" style=\"text-align: justify;\"><span dir=\"auto\" style=\"vertical-align: inherit;\"><span dir=\"auto\" style=\"vertical-align: inherit;\">La responsabilit\u00e9 de MDS Consilia ne pourra \u00eatre engag\u00e9e en cas de manquement ou de retard imputable \u00e0 un cas de force majeure, tel que d\u00e9fini par la jurisprudence fran\u00e7aise (exemples : catastrophes naturelles, gr\u00e8ves, pannes d&#8217;\u00e9lectricit\u00e9 ou de r\u00e9seaux de communication).<\/span><\/span><\/p><p class=\"MsoNormal\" style=\"text-align: justify;\"><b><span dir=\"auto\" style=\"vertical-align: inherit;\"><span dir=\"auto\" style=\"vertical-align: inherit;\">13. R\u00e9siliation<\/span><\/span><\/b><\/p><p class=\"MsoNormal\" style=\"text-align: justify;\"><span dir=\"auto\" style=\"vertical-align: inherit;\"><span dir=\"auto\" style=\"vertical-align: inherit;\">En cas de manquement grave de l&#8217;une des parties \u00e0 ses obligations, non r\u00e9par\u00e9 dans un d\u00e9lai de quinze (15) jours suivant notification par courrier recommand\u00e9, l&#8217;autre partie pourra r\u00e9silier l&#8217;adh\u00e9sion de plein droit, sans pr\u00e9judice des \u00e9ventuels dommages et int\u00e9r\u00eats.<\/span><\/span><\/p><p class=\"MsoNormal\" style=\"text-align: justify;\"><b><span dir=\"auto\" style=\"vertical-align: inherit;\"><span dir=\"auto\" style=\"vertical-align: inherit;\">14. Litiges et droit applicable<\/span><\/span><\/b><\/p><p class=\"MsoNormal\" style=\"text-align: justify;\"><span dir=\"auto\" style=\"vertical-align: inherit;\"><span dir=\"auto\" style=\"vertical-align: inherit;\">Les pr\u00e9sentes CGV sont soumises au droit fran\u00e7ais. En cas de litige, les parties s&#8217;efforceront de trouver une solution amiable. \u00c0 d\u00e9faut, les tribunaux comp\u00e9tents seront ceux du ressort du si\u00e8ge social de MDS Consilia, \u00e0 savoir Montpellier, m\u00eame en cas de pluralit\u00e9 de d\u00e9fendeurs ou d&#8217;appel en garantie.<\/span><\/span><\/p><p><strong>Article 15. Offre de parrainage<\/strong><\/p><p>MDS Consilia propose une offre de parrainage destin\u00e9e \u00e0 favoriser le d\u00e9veloppement de la communaut\u00e9 CB Online. Cette offre s&#8217;applique entre un membre actif (le \u00ab Parrain \u00bb) et une personne d\u00e9posant une demande d&#8217;adh\u00e9sion (le \u00ab Filleul \u00bb).<\/p><p><strong>15.1 Conditions d&#8217;\u00e9ligibilit\u00e9<\/strong><\/p><ul><li><strong>Le Parrain :<\/strong> Doit \u00eatre titulaire d\u2019une adh\u00e9sion annuelle en cours de validit\u00e9 et \u00eatre \u00e0 jour de l\u2019int\u00e9gralit\u00e9 de ses r\u00e8glements.<\/li><li><strong>Le Filleul :<\/strong> Doit remplir une demande d&#8217;adh\u00e9sion compl\u00e8te. L&#8217;acceptation du Filleul reste soumise \u00e0 la v\u00e9rification des crit\u00e8res professionnels par MDS Consilia, conform\u00e9ment \u00e0 l\u2019Article 4 des pr\u00e9sentes.<\/li><\/ul><p><strong>15.2 Avantages de l&#8217;offre<\/strong><\/p><ul><li><strong>Pour le Parrain :<\/strong> Pour chaque parrainage valid\u00e9, le Parrain b\u00e9n\u00e9ficie d\u2019une prolongation de son acc\u00e8s au CB Online d\u2019une dur\u00e9e de un (1) mois. Cette offre est cumulative et sans limitation de nombre. Par exemple, si douze (12) parrainages sont valid\u00e9s, le Parrain b\u00e9n\u00e9ficie de douze (12) mois d\u2019acc\u00e8s offerts venant prolonger son adh\u00e9sion initiale.<\/li><li><strong>Pour le Filleul :<\/strong> D\u00e8s la validation de son adh\u00e9sion et la r\u00e9ception de son r\u00e8glement, le Filleul b\u00e9n\u00e9ficie de l&#8217;acc\u00e8s illimit\u00e9 au replay et aux supports de trois (3) conf\u00e9rences pass\u00e9es de son choix, parmi le catalogue des \u00e9v\u00e9nements d\u00e9j\u00e0 r\u00e9alis\u00e9s.<\/li><\/ul><p><strong>15.3 Modalit\u00e9s de validation<\/strong><\/p><p>Pour que le parrainage soit pris en compte, le Filleul doit imp\u00e9rativement renseigner le nom de son Parrain dans le champ sp\u00e9cifique pr\u00e9vu \u00e0 cet effet au sein du formulaire de demande d&#8217;adh\u00e9sion (accessible \u00e0 l&#8217;adresse : <a href=\"https:\/\/mdsconsilia.fr\/index.php\/demande-dadhesion-au-cb-online-by-mds-consilia-2025\/\">https:\/\/mdsconsilia.fr\/index.php\/demande-dadhesion-au-cb-online-by-mds-consilia-2025\/<\/a>).<\/p><p>L&#8217;avantage du Parrain est cr\u00e9dit\u00e9 une fois que le Filleul a int\u00e9gralement r\u00e9gl\u00e9 sa propre adh\u00e9sion. Aucune demande de parrainage ne pourra \u00eatre prise en compte de mani\u00e8re r\u00e9troactive si le champ n&#8217;a pas \u00e9t\u00e9 compl\u00e9t\u00e9 lors de l&#8217;inscription.<\/p>\t\t\t\t\t\t\t\t<\/div>\n\t\t\t\t<\/div>\n\t\t\t\t\t<\/div>\n\t\t\t\t<\/div>\n\t\t\t\t<\/div>\n\t\t","protected":false},"excerpt":{"rendered":"<p>Pr\u00e9ambule CB Online by MDS Consilia est une initiative port\u00e9e par MDS Consilia qui s&#8217;inscrit dans une d\u00e9marche professionnelle, collaborative et \u00e9thique. L&#8217;objectif de cet espace d\u00e9di\u00e9 aux professionnels de la r\u00e9mun\u00e9ration et des avantages sociaux est de permettre aux membres de b\u00e9n\u00e9ficier d&#8217;un espace privil\u00e9gi\u00e9 d&#8217;\u00e9changes, de conf\u00e9rences et de ressources sp\u00e9cialis\u00e9es, favorisant le [&hellip;]<\/p>\n","protected":false},"author":1,"featured_media":0,"parent":0,"menu_order":0,"comment_status":"closed","ping_status":"closed","template":"","meta":{"footnotes":""},"class_list":["post-709","page","type-page","status-publish","hentry"],"yoast_head":"<!-- This site is optimized with the Yoast SEO plugin v27.4 - https:\/\/yoast.com\/product\/yoast-seo-wordpress\/ -->\n<title>CGV CB Online By MDS Consilia - MDS Consilia<\/title>\n<meta name=\"robots\" content=\"index, follow, max-snippet:-1, max-image-preview:large, max-video-preview:-1\" \/>\n<link rel=\"canonical\" href=\"https:\/\/mdsconsilia.fr\/index.php\/cgv-cb-online-by-mds-consilia\/\" \/>\n<meta property=\"og:locale\" content=\"en_US\" \/>\n<meta property=\"og:type\" content=\"article\" \/>\n<meta property=\"og:title\" content=\"CGV CB Online By MDS Consilia - MDS Consilia\" \/>\n<meta property=\"og:description\" content=\"Pr\u00e9ambule CB Online by MDS Consilia est une initiative port\u00e9e par MDS Consilia qui s&#8217;inscrit dans une d\u00e9marche professionnelle, collaborative et \u00e9thique. L&#8217;objectif de cet espace d\u00e9di\u00e9 aux professionnels de la r\u00e9mun\u00e9ration et des avantages sociaux est de permettre aux membres de b\u00e9n\u00e9ficier d&#8217;un espace privil\u00e9gi\u00e9 d&#8217;\u00e9changes, de conf\u00e9rences et de ressources sp\u00e9cialis\u00e9es, favorisant le [&hellip;]\" \/>\n<meta property=\"og:url\" content=\"https:\/\/mdsconsilia.fr\/index.php\/cgv-cb-online-by-mds-consilia\/\" \/>\n<meta property=\"og:site_name\" content=\"MDS Consilia\" \/>\n<meta property=\"article:modified_time\" content=\"2026-02-27T16:23:33+00:00\" \/>\n<meta name=\"twitter:card\" content=\"summary_large_image\" \/>\n<meta name=\"twitter:label1\" content=\"Est. reading time\" \/>\n\t<meta name=\"twitter:data1\" content=\"7 minutes\" \/>\n<script type=\"application\/ld+json\" class=\"yoast-schema-graph\">{\"@context\":\"https:\\\/\\\/schema.org\",\"@graph\":[{\"@type\":\"WebPage\",\"@id\":\"https:\\\/\\\/mdsconsilia.fr\\\/index.php\\\/cgv-cb-online-by-mds-consilia\\\/\",\"url\":\"https:\\\/\\\/mdsconsilia.fr\\\/index.php\\\/cgv-cb-online-by-mds-consilia\\\/\",\"name\":\"CGV CB Online By MDS Consilia - MDS Consilia\",\"isPartOf\":{\"@id\":\"https:\\\/\\\/mdsconsilia.fr\\\/#website\"},\"datePublished\":\"2025-07-30T18:50:11+00:00\",\"dateModified\":\"2026-02-27T16:23:33+00:00\",\"breadcrumb\":{\"@id\":\"https:\\\/\\\/mdsconsilia.fr\\\/index.php\\\/cgv-cb-online-by-mds-consilia\\\/#breadcrumb\"},\"inLanguage\":\"en-US\",\"potentialAction\":[{\"@type\":\"ReadAction\",\"target\":[\"https:\\\/\\\/mdsconsilia.fr\\\/index.php\\\/cgv-cb-online-by-mds-consilia\\\/\"]}]},{\"@type\":\"BreadcrumbList\",\"@id\":\"https:\\\/\\\/mdsconsilia.fr\\\/index.php\\\/cgv-cb-online-by-mds-consilia\\\/#breadcrumb\",\"itemListElement\":[{\"@type\":\"ListItem\",\"position\":1,\"name\":\"Accueil\",\"item\":\"https:\\\/\\\/mdsconsilia.fr\\\/\"},{\"@type\":\"ListItem\",\"position\":2,\"name\":\"CGV CB Online By MDS Consilia\"}]},{\"@type\":\"WebSite\",\"@id\":\"https:\\\/\\\/mdsconsilia.fr\\\/#website\",\"url\":\"https:\\\/\\\/mdsconsilia.fr\\\/\",\"name\":\"MDS Consilia\",\"description\":\"MDS Consilia - Strat\u00e9gie Globale  &amp; Gestion des Risques de l&#039;entreprise\",\"publisher\":{\"@id\":\"https:\\\/\\\/mdsconsilia.fr\\\/#organization\"},\"potentialAction\":[{\"@type\":\"SearchAction\",\"target\":{\"@type\":\"EntryPoint\",\"urlTemplate\":\"https:\\\/\\\/mdsconsilia.fr\\\/?s={search_term_string}\"},\"query-input\":{\"@type\":\"PropertyValueSpecification\",\"valueRequired\":true,\"valueName\":\"search_term_string\"}}],\"inLanguage\":\"en-US\"},{\"@type\":\"Organization\",\"@id\":\"https:\\\/\\\/mdsconsilia.fr\\\/#organization\",\"name\":\"MDS Consilia\",\"url\":\"https:\\\/\\\/mdsconsilia.fr\\\/\",\"logo\":{\"@type\":\"ImageObject\",\"inLanguage\":\"en-US\",\"@id\":\"https:\\\/\\\/mdsconsilia.fr\\\/#\\\/schema\\\/logo\\\/image\\\/\",\"url\":\"https:\\\/\\\/mdsconsilia.fr\\\/wp-content\\\/uploads\\\/2024\\\/01\\\/cropped-MDS_logo_web2.jpg\",\"contentUrl\":\"https:\\\/\\\/mdsconsilia.fr\\\/wp-content\\\/uploads\\\/2024\\\/01\\\/cropped-MDS_logo_web2.jpg\",\"width\":499,\"height\":290,\"caption\":\"MDS Consilia\"},\"image\":{\"@id\":\"https:\\\/\\\/mdsconsilia.fr\\\/#\\\/schema\\\/logo\\\/image\\\/\"}}]}<\/script>\n<!-- \/ Yoast SEO plugin. -->","yoast_head_json":{"title":"CGV CB Online By MDS Consilia - MDS Consilia","robots":{"index":"index","follow":"follow","max-snippet":"max-snippet:-1","max-image-preview":"max-image-preview:large","max-video-preview":"max-video-preview:-1"},"canonical":"https:\/\/mdsconsilia.fr\/index.php\/cgv-cb-online-by-mds-consilia\/","og_locale":"en_US","og_type":"article","og_title":"CGV CB Online By MDS Consilia - MDS Consilia","og_description":"Pr\u00e9ambule CB Online by MDS Consilia est une initiative port\u00e9e par MDS Consilia qui s&#8217;inscrit dans une d\u00e9marche professionnelle, collaborative et \u00e9thique. L&#8217;objectif de cet espace d\u00e9di\u00e9 aux professionnels de la r\u00e9mun\u00e9ration et des avantages sociaux est de permettre aux membres de b\u00e9n\u00e9ficier d&#8217;un espace privil\u00e9gi\u00e9 d&#8217;\u00e9changes, de conf\u00e9rences et de ressources sp\u00e9cialis\u00e9es, favorisant le [&hellip;]","og_url":"https:\/\/mdsconsilia.fr\/index.php\/cgv-cb-online-by-mds-consilia\/","og_site_name":"MDS Consilia","article_modified_time":"2026-02-27T16:23:33+00:00","twitter_card":"summary_large_image","twitter_misc":{"Est. reading time":"7 minutes"},"schema":{"@context":"https:\/\/schema.org","@graph":[{"@type":"WebPage","@id":"https:\/\/mdsconsilia.fr\/index.php\/cgv-cb-online-by-mds-consilia\/","url":"https:\/\/mdsconsilia.fr\/index.php\/cgv-cb-online-by-mds-consilia\/","name":"CGV CB Online By MDS Consilia - MDS Consilia","isPartOf":{"@id":"https:\/\/mdsconsilia.fr\/#website"},"datePublished":"2025-07-30T18:50:11+00:00","dateModified":"2026-02-27T16:23:33+00:00","breadcrumb":{"@id":"https:\/\/mdsconsilia.fr\/index.php\/cgv-cb-online-by-mds-consilia\/#breadcrumb"},"inLanguage":"en-US","potentialAction":[{"@type":"ReadAction","target":["https:\/\/mdsconsilia.fr\/index.php\/cgv-cb-online-by-mds-consilia\/"]}]},{"@type":"BreadcrumbList","@id":"https:\/\/mdsconsilia.fr\/index.php\/cgv-cb-online-by-mds-consilia\/#breadcrumb","itemListElement":[{"@type":"ListItem","position":1,"name":"Accueil","item":"https:\/\/mdsconsilia.fr\/"},{"@type":"ListItem","position":2,"name":"CGV CB Online By MDS Consilia"}]},{"@type":"WebSite","@id":"https:\/\/mdsconsilia.fr\/#website","url":"https:\/\/mdsconsilia.fr\/","name":"MDS Consilia","description":"MDS Consilia - Strat\u00e9gie Globale  &amp; Gestion des Risques de l&#039;entreprise","publisher":{"@id":"https:\/\/mdsconsilia.fr\/#organization"},"potentialAction":[{"@type":"SearchAction","target":{"@type":"EntryPoint","urlTemplate":"https:\/\/mdsconsilia.fr\/?s={search_term_string}"},"query-input":{"@type":"PropertyValueSpecification","valueRequired":true,"valueName":"search_term_string"}}],"inLanguage":"en-US"},{"@type":"Organization","@id":"https:\/\/mdsconsilia.fr\/#organization","name":"MDS Consilia","url":"https:\/\/mdsconsilia.fr\/","logo":{"@type":"ImageObject","inLanguage":"en-US","@id":"https:\/\/mdsconsilia.fr\/#\/schema\/logo\/image\/","url":"https:\/\/mdsconsilia.fr\/wp-content\/uploads\/2024\/01\/cropped-MDS_logo_web2.jpg","contentUrl":"https:\/\/mdsconsilia.fr\/wp-content\/uploads\/2024\/01\/cropped-MDS_logo_web2.jpg","width":499,"height":290,"caption":"MDS Consilia"},"image":{"@id":"https:\/\/mdsconsilia.fr\/#\/schema\/logo\/image\/"}}]}},"_links":{"self":[{"href":"https:\/\/mdsconsilia.fr\/index.php\/wp-json\/wp\/v2\/pages\/709","targetHints":{"allow":["GET"]}}],"collection":[{"href":"https:\/\/mdsconsilia.fr\/index.php\/wp-json\/wp\/v2\/pages"}],"about":[{"href":"https:\/\/mdsconsilia.fr\/index.php\/wp-json\/wp\/v2\/types\/page"}],"author":[{"embeddable":true,"href":"https:\/\/mdsconsilia.fr\/index.php\/wp-json\/wp\/v2\/users\/1"}],"replies":[{"embeddable":true,"href":"https:\/\/mdsconsilia.fr\/index.php\/wp-json\/wp\/v2\/comments?post=709"}],"version-history":[{"count":10,"href":"https:\/\/mdsconsilia.fr\/index.php\/wp-json\/wp\/v2\/pages\/709\/revisions"}],"predecessor-version":[{"id":866,"href":"https:\/\/mdsconsilia.fr\/index.php\/wp-json\/wp\/v2\/pages\/709\/revisions\/866"}],"wp:attachment":[{"href":"https:\/\/mdsconsilia.fr\/index.php\/wp-json\/wp\/v2\/media?parent=709"}],"curies":[{"name":"wp","href":"https:\/\/api.w.org\/{rel}","templated":true}]}}