{"id":755,"date":"2025-07-31T16:24:09","date_gmt":"2025-07-31T14:24:09","guid":{"rendered":"https:\/\/mdsconsilia.fr\/?page_id=755"},"modified":"2026-02-25T19:34:06","modified_gmt":"2026-02-25T18:34:06","slug":"demande-dadhesion-au-cb-online-by-mds-consilia-2025","status":"publish","type":"page","link":"https:\/\/mdsconsilia.fr\/index.php\/demande-dadhesion-au-cb-online-by-mds-consilia-2025\/","title":{"rendered":"Demande d&#8217;adh\u00e9sion au CB Online by MDS Consilia (2026)"},"content":{"rendered":"\t\t<div data-elementor-type=\"wp-page\" data-elementor-id=\"755\" class=\"elementor elementor-755\">\n\t\t\t\t<div class=\"elementor-element elementor-element-0f0010d e-flex e-con-boxed e-con e-parent\" data-id=\"0f0010d\" data-element_type=\"container\" data-e-type=\"container\">\n\t\t\t\t\t<div class=\"e-con-inner\">\n\t\t\t\t<div class=\"elementor-element elementor-element-99152a5 elementor-widget elementor-widget-image\" data-id=\"99152a5\" data-element_type=\"widget\" data-e-type=\"widget\" data-widget_type=\"image.default\">\n\t\t\t\t<div class=\"elementor-widget-container\">\n\t\t\t\t\t\t\t\t\t\t\t\t\t\t\t<img decoding=\"async\" width=\"300\" height=\"153\" src=\"http:\/\/mdsconsilia.fr\/wp-content\/uploads\/2025\/07\/LogoCBOnline_juin2025-300x153.jpg\" class=\"attachment-medium size-medium wp-image-695\" alt=\"\" srcset=\"http:\/\/mdsconsilia.fr\/wp-content\/uploads\/2025\/07\/LogoCBOnline_juin2025-300x153.jpg 300w, http:\/\/mdsconsilia.fr\/wp-content\/uploads\/2025\/07\/LogoCBOnline_juin2025-1024x522.jpg 1024w, http:\/\/mdsconsilia.fr\/wp-content\/uploads\/2025\/07\/LogoCBOnline_juin2025-768x391.jpg 768w, http:\/\/mdsconsilia.fr\/wp-content\/uploads\/2025\/07\/LogoCBOnline_juin2025.jpg 1272w\" sizes=\"(max-width: 300px) 100vw, 300px\" \/>\t\t\t\t\t\t\t\t\t\t\t\t\t\t\t<\/div>\n\t\t\t\t<\/div>\n\t\t\t\t\t<\/div>\n\t\t\t\t<\/div>\n\t\t<div class=\"elementor-element elementor-element-5563031 e-flex e-con-boxed e-con e-parent\" data-id=\"5563031\" data-element_type=\"container\" data-e-type=\"container\">\n\t\t\t\t\t<div class=\"e-con-inner\">\n\t\t\t\t<div class=\"elementor-element elementor-element-3ba0a42 elementor-widget elementor-widget-text-editor\" data-id=\"3ba0a42\" data-element_type=\"widget\" data-e-type=\"widget\" data-widget_type=\"text-editor.default\">\n\t\t\t\t<div class=\"elementor-widget-container\">\n\t\t\t\t\t\t\t\t\t<p>Abonnement annuel r\u00e9serv\u00e9 aux professionnels de la r\u00e9mun\u00e9ration et des avantages sociaux incluant\u00a0:<\/p>\n<ul>\n<li>L\u2019acc\u00e8s \u00e0 l&#8217;espace d\u00e9di\u00e9 exclusivement en ligne CB Online by MDS Consilia (10 conf\u00e9rences mensuelles en ligne),<\/li>\n<li>L&#8217;acc\u00e8s au groupe LinkedIn priv\u00e9 CB Online by MDS Consilia,<\/li>\n<li>10 newsletters mensuelles.<\/li>\n<\/ul>\n<p>Pour la somme de 300 \u20ac HT (TVA 20 %).<\/p>\n<p>Un bulletin d&#8217;adh\u00e9sion \u00e0 nous retourner, sign\u00e9, accompagn\u00e9 de notre RIB vous sera adress\u00e9 par retour.<\/p>\n<p>L&#8217;adh\u00e9sion sera effective \u00e0 r\u00e9ception du r\u00e8glement qui engendrera l&#8217;envoi d&#8217;une facture acquitt\u00e9e.<\/p>\n<p>L&#8217;adh\u00e9sion au CB Online by MDS Consilia vaut acceptation de nos conditions g\u00e9n\u00e9rales de vente consultables <a href=\"https:\/\/mdsconsilia.fr\/index.php\/cgv-cb-online-by-mds-consilia\/\">ici<\/a><\/p>\t\t\t\t\t\t\t\t<\/div>\n\t\t\t\t<\/div>\n\t\t\t\t\t<\/div>\n\t\t\t\t<\/div>\n\t\t<div class=\"elementor-element elementor-element-221531d9 e-flex e-con-boxed e-con e-parent\" data-id=\"221531d9\" data-element_type=\"container\" data-e-type=\"container\">\n\t\t\t\t\t<div class=\"e-con-inner\">\n\t\t\t\t<div class=\"elementor-element elementor-element-663706ac elementor-widget elementor-widget-text-editor\" data-id=\"663706ac\" data-element_type=\"widget\" data-e-type=\"widget\" data-widget_type=\"text-editor.default\">\n\t\t\t\t<div class=\"elementor-widget-container\">\n\t\t\t\t\t\t\t\t\t<div class=\"frm_forms  with_frm_style frm_style_style-formidable\" id=\"frm_form_2_container\" data-token=\"a6382951a289f1b85265b928ef208ffa\" data-token=\"a6382951a289f1b85265b928ef208ffa\" data-token=\"a6382951a289f1b85265b928ef208ffa\">\n<form enctype=\"multipart\/form-data\" method=\"post\" class=\"frm-show-form \" id=\"form_ea9v4\" data-token=\"a6382951a289f1b85265b928ef208ffa\" data-token=\"a6382951a289f1b85265b928ef208ffa\" data-token=\"a6382951a289f1b85265b928ef208ffa\">\n<div class=\"frm_form_fields \">\n<fieldset>\n<legend class=\"frm_screen_reader\">Demande d'adh\u00e9sion au CB Online by MDS Consilia 2026<\/legend>\r\n\r\n<div class=\"frm_fields_container\">\n<input type=\"hidden\" name=\"frm_action\" value=\"create\" \/>\n<input type=\"hidden\" name=\"form_id\" value=\"2\" \/>\n<input type=\"hidden\" name=\"frm_hide_fields_2\" id=\"frm_hide_fields_2\" value=\"\" \/>\n<input type=\"hidden\" name=\"form_key\" value=\"ea9v4\" \/>\n<input type=\"hidden\" name=\"item_meta[0]\" value=\"\" \/>\n<input type=\"hidden\" id=\"frm_submit_entry_2\" name=\"frm_submit_entry_2\" value=\"e74976eb5a\" \/><input type=\"hidden\" name=\"_wp_http_referer\" value=\"\/index.php\/wp-json\/wp\/v2\/pages\/755\" \/><div id=\"frm_field_25_container\" class=\"frm_form_field form-field  frm_required_field frm_top_container\">\r\n\t<div  id=\"field_u06ti_label\" class=\"frm_primary_label\">Nom\r\n\t\t<span class=\"frm_required\" aria-hidden=\"true\">*<\/span>\r\n\t<\/div>\r\n\t<fieldset aria-labelledby=\"field_u06ti_label\">\n\t<legend class=\"frm_screen_reader frm_hidden\">\n\t\tNom\t<\/legend>\n\n\t<div  class=\"frm_combo_inputs_container\" id=\"frm_combo_inputs_container_25\" data-name-layout=\"last_first\">\n\t\t\t\t\t<div\n\t\t\t\tid=\"frm_field_25-last_container\"\n\t\t\t\tclass=\"frm_form_field form-field frm_form_subfield-last  frm6\"\n\t\t\t\tdata-sub-field-name=\"last\"\n\t\t\t>\n\t\t\t\t<label for=\"field_u06ti_last\" class=\"frm_screen_reader frm_hidden\">\n\t\t\t\t\tNom\t\t\t\t<\/label>\n\n\t\t\t\t<input  type=\"text\" id=\"field_u06ti_last\" value=\"\" name=\"item_meta[25][last]\" autocomplete=\"family-name\" data-reqmsg=\"Nom cannot be blank.\" aria-required=\"true\" data-invmsg=\"Nom is invalid\" aria-invalid=\"false\"  \/><div class=\"frm_description\" id=\"frm_field_25_last_desc\">Nom<\/div>\t\t\t<\/div>\n\t\t\t\t\t\t<div\n\t\t\t\tid=\"frm_field_25-first_container\"\n\t\t\t\tclass=\"frm_form_field form-field frm_form_subfield-first  frm6\"\n\t\t\t\tdata-sub-field-name=\"first\"\n\t\t\t>\n\t\t\t\t<label for=\"field_u06ti_first\" class=\"frm_screen_reader frm_hidden\">\n\t\t\t\t\tPr\u00e9nom\t\t\t\t<\/label>\n\n\t\t\t\t<input  type=\"text\" id=\"field_u06ti_first\" value=\"\" name=\"item_meta[25][first]\" autocomplete=\"given-name\" data-reqmsg=\"Nom cannot be blank.\" aria-required=\"true\" data-invmsg=\"Nom is invalid\" aria-invalid=\"false\"  \/><div class=\"frm_description\" id=\"frm_field_25_first_desc\">Pr\u00e9nom<\/div>\t\t\t<\/div>\n\t\t\t\t<\/div>\n<\/fieldset>\n\r\n\t\r\n\t\r\n<\/div>\n<div id=\"frm_field_28_container\" class=\"frm_form_field form-field  frm_required_field frm_top_container\">\r\n\t<label for=\"field_2iqyi\" id=\"field_2iqyi_label\" class=\"frm_primary_label\">Fonction et Entreprise\r\n\t\t<span class=\"frm_required\" aria-hidden=\"true\">*<\/span>\r\n\t<\/label>\r\n\t<input type=\"text\" id=\"field_2iqyi\" name=\"item_meta[28]\" value=\"\"  data-reqmsg=\"Fonction et Entreprise cannot be blank.\" aria-required=\"true\" data-invmsg=\"Fonction et Entreprise is invalid\" aria-invalid=\"false\"  \/>\r\n\t\r\n\t\r\n<\/div>\n<div id=\"frm_field_27_container\" class=\"frm_form_field form-field  frm_required_field frm_top_container frm6 frm_first\">\r\n\t<label for=\"field_ip6ov\" id=\"field_ip6ov_label\" class=\"frm_primary_label\">T\u00e9l\u00e9phone\r\n\t\t<span class=\"frm_required\" aria-hidden=\"true\">*<\/span>\r\n\t<\/label>\r\n\t<input type=\"tel\" id=\"field_ip6ov\" name=\"item_meta[27]\" value=\"\"  data-reqmsg=\"T\u00e9l\u00e9phone cannot be blank.\" aria-required=\"true\" data-invmsg=\"T\u00e9l\u00e9phone is invalid\" aria-invalid=\"false\" pattern=\"((\\+\\d{1,3}(-|.| )?\\(?\\d\\)?(-| |.)?\\d{1,5})|(\\(?\\d{2,6}\\)?))(-|.| )?(\\d{3,4})(-|.| )?(\\d{4})(( x| ext)\\d{1,5}){0,1}$\"  \/>\r\n\t\r\n\t\r\n<\/div>\n<div id=\"frm_field_26_container\" class=\"frm_form_field form-field  frm_required_field frm_top_container frm6\">\r\n\t<label for=\"field_hglv8\" id=\"field_hglv8_label\" class=\"frm_primary_label\">Email\r\n\t\t<span class=\"frm_required\" aria-hidden=\"true\">*<\/span>\r\n\t<\/label>\r\n\t<input type=\"email\" id=\"field_hglv8\" name=\"item_meta[26]\" value=\"\"  data-reqmsg=\"Email cannot be blank.\" aria-required=\"true\" data-invmsg=\"Email is invalid\" aria-invalid=\"false\"  \/>\r\n\t\r\n\t\r\n<\/div>\n<div id=\"frm_field_29_container\" class=\"frm_form_field form-field  frm_required_field frm_top_container\">\r\n\t<label for=\"field_stfyj\" id=\"field_stfyj_label\" class=\"frm_primary_label\">Adresse compl\u00e8te\r\n\t\t<span class=\"frm_required\" aria-hidden=\"true\">*<\/span>\r\n\t<\/label>\r\n\t<input type=\"text\" id=\"field_stfyj\" name=\"item_meta[29]\" value=\"\"  data-reqmsg=\"Adresse compl\u00e8te cannot be blank.\" aria-required=\"true\" data-invmsg=\"Adresse compl\u00e8te is invalid\" aria-invalid=\"false\"  \/>\r\n\t\r\n\t\r\n<\/div>\n<div id=\"frm_field_30_container\" class=\"frm_form_field form-field  frm_top_container\">\r\n\t<label for=\"field_nh0ds\" id=\"field_nh0ds_label\" class=\"frm_primary_label\">Raison sociale (si l'adh\u00e9sion est prise en charge par l'entreprise)\r\n\t\t<span class=\"frm_required\" aria-hidden=\"true\"><\/span>\r\n\t<\/label>\r\n\t<input type=\"text\" id=\"field_nh0ds\" name=\"item_meta[30]\" value=\"\"  data-invmsg=\"Raison sociale (si l&#039;adh\u00e9sion est prise en charge par l&#039;entreprise) is invalid\" aria-invalid=\"false\"  \/>\r\n\t\r\n\t\r\n<\/div>\n<div id=\"frm_field_31_container\" class=\"frm_form_field form-field  frm_top_container\">\r\n\t<label for=\"field_d73x9\" id=\"field_d73x9_label\" class=\"frm_primary_label\">Num TVA intracommunautaire (si l'adh\u00e9sion est prise en charge par l'entreprise)\r\n\t\t<span class=\"frm_required\" aria-hidden=\"true\"><\/span>\r\n\t<\/label>\r\n\t<input type=\"text\" id=\"field_d73x9\" name=\"item_meta[31]\" value=\"\"  data-invmsg=\"Num TVA intracommunautaire (si l&#039;adh\u00e9sion est prise en charge par l&#039;entreprise) is invalid\" aria-invalid=\"false\"  \/>\r\n\t\r\n\t\r\n<\/div>\n<div id=\"frm_field_34_container\" class=\"frm_form_field form-field  frm_top_container vertical_radio\">\r\n\t<div  id=\"field_7xsr0_label\" class=\"frm_primary_label\">\r\n\t\t<span class=\"frm_required\" aria-hidden=\"true\"><\/span>\r\n\t<\/div>\r\n\t<div class=\"frm_opt_container\" aria-labelledby=\"field_7xsr0_label\" role=\"group\">\t\t<div class=\"frm_checkbox\" id=\"frm_checkbox_34-0\">\t\t\t<label  for=\"field_7xsr0-0\">\n\t\t\t<input type=\"checkbox\" name=\"item_meta[34][]\" id=\"field_7xsr0-0\" value=\"Vous \u00eates une entreprise et vous souhaitez plusieurs adh\u00e9sions \u00e0 CB Online par MDS Consilia\"  data-invmsg=\"This field is invalid\"   \/> Vous \u00eates une entreprise et vous souhaitez plusieurs adh\u00e9sions \u00e0 CB Online par MDS Consilia<\/label><\/div>\n<\/div>\r\n\t\r\n\t\r\n<\/div>\n<div id=\"frm_field_36_container\" class=\"frm_form_field form-field  frm_top_container\">\r\n\t<label for=\"field_jhi3g\" id=\"field_jhi3g_label\" class=\"frm_primary_label\">Indiquer le nombre d'adh\u00e9sions d\u00e9sir\u00e9 (nous vous contacterons pour un devis)\r\n\t\t<span class=\"frm_required\" aria-hidden=\"true\"><\/span>\r\n\t<\/label>\r\n\t<input type=\"text\" id=\"field_jhi3g\" name=\"item_meta[36]\" value=\"\"  data-invmsg=\"Indiquer le nombre d&#039;adh\u00e9sions d\u00e9sir\u00e9 (nous vous contacterons pour un devis) is invalid\" aria-invalid=\"false\"  \/>\r\n\t\r\n\t\r\n<\/div>\n<div id=\"frm_field_37_container\" class=\"frm_form_field form-field  frm_top_container\">\r\n\t<label for=\"field_js2e5\" id=\"field_js2e5_label\" class=\"frm_primary_label\">Nom de votre parrain(e) (adh\u00e9rent CB Online)\r\n\t\t<span class=\"frm_required\" aria-hidden=\"true\"><\/span>\r\n\t<\/label>\r\n\t<input type=\"text\" id=\"field_js2e5\" name=\"item_meta[37]\" value=\"\"  data-invmsg=\"Nom de votre parrain(e) (adh\u00e9rent CB Online) is invalid\" aria-invalid=\"false\"  \/>\r\n\t\r\n\t\r\n<\/div>\n<div id=\"frm_field_24_container\" class=\"frm_form_field form-field \">\r\n\t<div class=\"frm_submit frm_flex\">\r\n<button class=\"frm_button_submit\" type=\"submit\"  >Envoyer<\/button>\r\n\r\n\r\n\r\n<\/div>\r\n<\/div>\n\t<input type=\"hidden\" name=\"item_key\" value=\"\" \/>\n\t\t\t<div id=\"frm_field_42_container\">\n\t\t\t<label for=\"field_1unbr\" >\n\t\t\t\tIf you are human, leave this field blank.\t\t\t<\/label>\n\t\t\t<input  id=\"field_1unbr\" type=\"text\" class=\"frm_form_field form-field frm_verify\" name=\"item_meta[42]\" value=\"\"  \/>\n\t\t<\/div>\n\t\t<input name=\"frm_state\" type=\"hidden\" value=\"f3I3SzkJ8ECBpLnIWAP56IlxMv6l7Y9U0QMpg9c9egU=\" \/><\/div>\n<\/fieldset>\n<\/div>\n\n<p style=\"display: none !important;\" class=\"akismet-fields-container\" data-prefix=\"ak_\"><label>&#916;<textarea name=\"ak_hp_textarea\" cols=\"45\" rows=\"8\" maxlength=\"100\"><\/textarea><\/label><input type=\"hidden\" id=\"ak_js_3\" name=\"ak_js\" value=\"197\"\/><script>document.getElementById( \"ak_js_3\" ).setAttribute( \"value\", ( new Date() ).getTime() );<\/script><\/p><\/form>\n<\/div>\n\t\t\t\t\t\t\t\t<\/div>\n\t\t\t\t<\/div>\n\t\t\t\t\t<\/div>\n\t\t\t\t<\/div>\n\t\t\t\t<\/div>\n\t\t","protected":false},"excerpt":{"rendered":"<p>Abonnement annuel r\u00e9serv\u00e9 aux professionnels de la r\u00e9mun\u00e9ration et des avantages sociaux incluant\u00a0: L\u2019acc\u00e8s \u00e0 l&#8217;espace d\u00e9di\u00e9 exclusivement en ligne CB Online by MDS Consilia (10 conf\u00e9rences mensuelles en ligne), L&#8217;acc\u00e8s au groupe LinkedIn priv\u00e9 CB Online by MDS Consilia, 10 newsletters mensuelles. Pour la somme de 300 \u20ac HT (TVA 20 %). Un bulletin [&hellip;]<\/p>\n","protected":false},"author":1,"featured_media":0,"parent":0,"menu_order":0,"comment_status":"closed","ping_status":"closed","template":"","meta":{"footnotes":""},"class_list":["post-755","page","type-page","status-publish","hentry"],"yoast_head":"<!-- This site is optimized with the Yoast SEO plugin v27.4 - https:\/\/yoast.com\/product\/yoast-seo-wordpress\/ -->\n<title>Demande d&#039;adh\u00e9sion au CB Online by MDS Consilia (2026) - MDS Consilia<\/title>\n<meta name=\"robots\" content=\"index, follow, max-snippet:-1, max-image-preview:large, max-video-preview:-1\" \/>\n<link rel=\"canonical\" href=\"https:\/\/mdsconsilia.fr\/index.php\/demande-dadhesion-au-cb-online-by-mds-consilia-2025\/\" \/>\n<meta property=\"og:locale\" content=\"en_US\" \/>\n<meta property=\"og:type\" content=\"article\" \/>\n<meta property=\"og:title\" content=\"Demande d&#039;adh\u00e9sion au CB Online by MDS Consilia (2026) - MDS Consilia\" \/>\n<meta property=\"og:description\" content=\"Abonnement annuel r\u00e9serv\u00e9 aux professionnels de la r\u00e9mun\u00e9ration et des avantages sociaux incluant\u00a0: L\u2019acc\u00e8s \u00e0 l&#8217;espace d\u00e9di\u00e9 exclusivement en ligne CB Online by MDS Consilia (10 conf\u00e9rences mensuelles en ligne), L&#8217;acc\u00e8s au groupe LinkedIn priv\u00e9 CB Online by MDS Consilia, 10 newsletters mensuelles. Pour la somme de 300 \u20ac HT (TVA 20 %). Un bulletin [&hellip;]\" \/>\n<meta property=\"og:url\" content=\"https:\/\/mdsconsilia.fr\/index.php\/demande-dadhesion-au-cb-online-by-mds-consilia-2025\/\" \/>\n<meta property=\"og:site_name\" content=\"MDS Consilia\" \/>\n<meta property=\"article:modified_time\" content=\"2026-02-25T18:34:06+00:00\" \/>\n<meta property=\"og:image\" content=\"http:\/\/mdsconsilia.fr\/wp-content\/uploads\/2025\/07\/LogoCBOnline_juin2025-300x153.jpg\" \/>\n<meta name=\"twitter:card\" content=\"summary_large_image\" \/>\n<meta name=\"twitter:label1\" content=\"Est. reading time\" \/>\n\t<meta name=\"twitter:data1\" content=\"2 minutes\" \/>\n<script type=\"application\/ld+json\" class=\"yoast-schema-graph\">{\"@context\":\"https:\\\/\\\/schema.org\",\"@graph\":[{\"@type\":\"WebPage\",\"@id\":\"https:\\\/\\\/mdsconsilia.fr\\\/index.php\\\/demande-dadhesion-au-cb-online-by-mds-consilia-2025\\\/\",\"url\":\"https:\\\/\\\/mdsconsilia.fr\\\/index.php\\\/demande-dadhesion-au-cb-online-by-mds-consilia-2025\\\/\",\"name\":\"Demande d'adh\u00e9sion au CB Online by MDS Consilia (2026) - MDS Consilia\",\"isPartOf\":{\"@id\":\"https:\\\/\\\/mdsconsilia.fr\\\/#website\"},\"primaryImageOfPage\":{\"@id\":\"https:\\\/\\\/mdsconsilia.fr\\\/index.php\\\/demande-dadhesion-au-cb-online-by-mds-consilia-2025\\\/#primaryimage\"},\"image\":{\"@id\":\"https:\\\/\\\/mdsconsilia.fr\\\/index.php\\\/demande-dadhesion-au-cb-online-by-mds-consilia-2025\\\/#primaryimage\"},\"thumbnailUrl\":\"http:\\\/\\\/mdsconsilia.fr\\\/wp-content\\\/uploads\\\/2025\\\/07\\\/LogoCBOnline_juin2025-300x153.jpg\",\"datePublished\":\"2025-07-31T14:24:09+00:00\",\"dateModified\":\"2026-02-25T18:34:06+00:00\",\"breadcrumb\":{\"@id\":\"https:\\\/\\\/mdsconsilia.fr\\\/index.php\\\/demande-dadhesion-au-cb-online-by-mds-consilia-2025\\\/#breadcrumb\"},\"inLanguage\":\"en-US\",\"potentialAction\":[{\"@type\":\"ReadAction\",\"target\":[\"https:\\\/\\\/mdsconsilia.fr\\\/index.php\\\/demande-dadhesion-au-cb-online-by-mds-consilia-2025\\\/\"]}]},{\"@type\":\"ImageObject\",\"inLanguage\":\"en-US\",\"@id\":\"https:\\\/\\\/mdsconsilia.fr\\\/index.php\\\/demande-dadhesion-au-cb-online-by-mds-consilia-2025\\\/#primaryimage\",\"url\":\"https:\\\/\\\/mdsconsilia.fr\\\/wp-content\\\/uploads\\\/2025\\\/07\\\/LogoCBOnline_juin2025.jpg\",\"contentUrl\":\"https:\\\/\\\/mdsconsilia.fr\\\/wp-content\\\/uploads\\\/2025\\\/07\\\/LogoCBOnline_juin2025.jpg\",\"width\":1272,\"height\":648},{\"@type\":\"BreadcrumbList\",\"@id\":\"https:\\\/\\\/mdsconsilia.fr\\\/index.php\\\/demande-dadhesion-au-cb-online-by-mds-consilia-2025\\\/#breadcrumb\",\"itemListElement\":[{\"@type\":\"ListItem\",\"position\":1,\"name\":\"Accueil\",\"item\":\"https:\\\/\\\/mdsconsilia.fr\\\/\"},{\"@type\":\"ListItem\",\"position\":2,\"name\":\"Demande d&#8217;adh\u00e9sion au CB Online by MDS Consilia (2026)\"}]},{\"@type\":\"WebSite\",\"@id\":\"https:\\\/\\\/mdsconsilia.fr\\\/#website\",\"url\":\"https:\\\/\\\/mdsconsilia.fr\\\/\",\"name\":\"MDS Consilia\",\"description\":\"MDS Consilia - Strat\u00e9gie Globale  &amp; Gestion des Risques de l&#039;entreprise\",\"publisher\":{\"@id\":\"https:\\\/\\\/mdsconsilia.fr\\\/#organization\"},\"potentialAction\":[{\"@type\":\"SearchAction\",\"target\":{\"@type\":\"EntryPoint\",\"urlTemplate\":\"https:\\\/\\\/mdsconsilia.fr\\\/?s={search_term_string}\"},\"query-input\":{\"@type\":\"PropertyValueSpecification\",\"valueRequired\":true,\"valueName\":\"search_term_string\"}}],\"inLanguage\":\"en-US\"},{\"@type\":\"Organization\",\"@id\":\"https:\\\/\\\/mdsconsilia.fr\\\/#organization\",\"name\":\"MDS Consilia\",\"url\":\"https:\\\/\\\/mdsconsilia.fr\\\/\",\"logo\":{\"@type\":\"ImageObject\",\"inLanguage\":\"en-US\",\"@id\":\"https:\\\/\\\/mdsconsilia.fr\\\/#\\\/schema\\\/logo\\\/image\\\/\",\"url\":\"https:\\\/\\\/mdsconsilia.fr\\\/wp-content\\\/uploads\\\/2024\\\/01\\\/cropped-MDS_logo_web2.jpg\",\"contentUrl\":\"https:\\\/\\\/mdsconsilia.fr\\\/wp-content\\\/uploads\\\/2024\\\/01\\\/cropped-MDS_logo_web2.jpg\",\"width\":499,\"height\":290,\"caption\":\"MDS Consilia\"},\"image\":{\"@id\":\"https:\\\/\\\/mdsconsilia.fr\\\/#\\\/schema\\\/logo\\\/image\\\/\"}}]}<\/script>\n<!-- \/ Yoast SEO plugin. -->","yoast_head_json":{"title":"Demande d'adh\u00e9sion au CB Online by MDS Consilia (2026) - MDS Consilia","robots":{"index":"index","follow":"follow","max-snippet":"max-snippet:-1","max-image-preview":"max-image-preview:large","max-video-preview":"max-video-preview:-1"},"canonical":"https:\/\/mdsconsilia.fr\/index.php\/demande-dadhesion-au-cb-online-by-mds-consilia-2025\/","og_locale":"en_US","og_type":"article","og_title":"Demande d'adh\u00e9sion au CB Online by MDS Consilia (2026) - MDS Consilia","og_description":"Abonnement annuel r\u00e9serv\u00e9 aux professionnels de la r\u00e9mun\u00e9ration et des avantages sociaux incluant\u00a0: L\u2019acc\u00e8s \u00e0 l&#8217;espace d\u00e9di\u00e9 exclusivement en ligne CB Online by MDS Consilia (10 conf\u00e9rences mensuelles en ligne), L&#8217;acc\u00e8s au groupe LinkedIn priv\u00e9 CB Online by MDS Consilia, 10 newsletters mensuelles. Pour la somme de 300 \u20ac HT (TVA 20 %). Un bulletin [&hellip;]","og_url":"https:\/\/mdsconsilia.fr\/index.php\/demande-dadhesion-au-cb-online-by-mds-consilia-2025\/","og_site_name":"MDS Consilia","article_modified_time":"2026-02-25T18:34:06+00:00","og_image":[{"url":"http:\/\/mdsconsilia.fr\/wp-content\/uploads\/2025\/07\/LogoCBOnline_juin2025-300x153.jpg","type":"","width":"","height":""}],"twitter_card":"summary_large_image","twitter_misc":{"Est. reading time":"2 minutes"},"schema":{"@context":"https:\/\/schema.org","@graph":[{"@type":"WebPage","@id":"https:\/\/mdsconsilia.fr\/index.php\/demande-dadhesion-au-cb-online-by-mds-consilia-2025\/","url":"https:\/\/mdsconsilia.fr\/index.php\/demande-dadhesion-au-cb-online-by-mds-consilia-2025\/","name":"Demande d'adh\u00e9sion au CB Online by MDS Consilia (2026) - MDS Consilia","isPartOf":{"@id":"https:\/\/mdsconsilia.fr\/#website"},"primaryImageOfPage":{"@id":"https:\/\/mdsconsilia.fr\/index.php\/demande-dadhesion-au-cb-online-by-mds-consilia-2025\/#primaryimage"},"image":{"@id":"https:\/\/mdsconsilia.fr\/index.php\/demande-dadhesion-au-cb-online-by-mds-consilia-2025\/#primaryimage"},"thumbnailUrl":"http:\/\/mdsconsilia.fr\/wp-content\/uploads\/2025\/07\/LogoCBOnline_juin2025-300x153.jpg","datePublished":"2025-07-31T14:24:09+00:00","dateModified":"2026-02-25T18:34:06+00:00","breadcrumb":{"@id":"https:\/\/mdsconsilia.fr\/index.php\/demande-dadhesion-au-cb-online-by-mds-consilia-2025\/#breadcrumb"},"inLanguage":"en-US","potentialAction":[{"@type":"ReadAction","target":["https:\/\/mdsconsilia.fr\/index.php\/demande-dadhesion-au-cb-online-by-mds-consilia-2025\/"]}]},{"@type":"ImageObject","inLanguage":"en-US","@id":"https:\/\/mdsconsilia.fr\/index.php\/demande-dadhesion-au-cb-online-by-mds-consilia-2025\/#primaryimage","url":"https:\/\/mdsconsilia.fr\/wp-content\/uploads\/2025\/07\/LogoCBOnline_juin2025.jpg","contentUrl":"https:\/\/mdsconsilia.fr\/wp-content\/uploads\/2025\/07\/LogoCBOnline_juin2025.jpg","width":1272,"height":648},{"@type":"BreadcrumbList","@id":"https:\/\/mdsconsilia.fr\/index.php\/demande-dadhesion-au-cb-online-by-mds-consilia-2025\/#breadcrumb","itemListElement":[{"@type":"ListItem","position":1,"name":"Accueil","item":"https:\/\/mdsconsilia.fr\/"},{"@type":"ListItem","position":2,"name":"Demande d&#8217;adh\u00e9sion au CB Online by MDS Consilia (2026)"}]},{"@type":"WebSite","@id":"https:\/\/mdsconsilia.fr\/#website","url":"https:\/\/mdsconsilia.fr\/","name":"MDS Consilia","description":"MDS Consilia - Strat\u00e9gie Globale  &amp; Gestion des Risques de l&#039;entreprise","publisher":{"@id":"https:\/\/mdsconsilia.fr\/#organization"},"potentialAction":[{"@type":"SearchAction","target":{"@type":"EntryPoint","urlTemplate":"https:\/\/mdsconsilia.fr\/?s={search_term_string}"},"query-input":{"@type":"PropertyValueSpecification","valueRequired":true,"valueName":"search_term_string"}}],"inLanguage":"en-US"},{"@type":"Organization","@id":"https:\/\/mdsconsilia.fr\/#organization","name":"MDS Consilia","url":"https:\/\/mdsconsilia.fr\/","logo":{"@type":"ImageObject","inLanguage":"en-US","@id":"https:\/\/mdsconsilia.fr\/#\/schema\/logo\/image\/","url":"https:\/\/mdsconsilia.fr\/wp-content\/uploads\/2024\/01\/cropped-MDS_logo_web2.jpg","contentUrl":"https:\/\/mdsconsilia.fr\/wp-content\/uploads\/2024\/01\/cropped-MDS_logo_web2.jpg","width":499,"height":290,"caption":"MDS Consilia"},"image":{"@id":"https:\/\/mdsconsilia.fr\/#\/schema\/logo\/image\/"}}]}},"_links":{"self":[{"href":"https:\/\/mdsconsilia.fr\/index.php\/wp-json\/wp\/v2\/pages\/755","targetHints":{"allow":["GET"]}}],"collection":[{"href":"https:\/\/mdsconsilia.fr\/index.php\/wp-json\/wp\/v2\/pages"}],"about":[{"href":"https:\/\/mdsconsilia.fr\/index.php\/wp-json\/wp\/v2\/types\/page"}],"author":[{"embeddable":true,"href":"https:\/\/mdsconsilia.fr\/index.php\/wp-json\/wp\/v2\/users\/1"}],"replies":[{"embeddable":true,"href":"https:\/\/mdsconsilia.fr\/index.php\/wp-json\/wp\/v2\/comments?post=755"}],"version-history":[{"count":26,"href":"https:\/\/mdsconsilia.fr\/index.php\/wp-json\/wp\/v2\/pages\/755\/revisions"}],"predecessor-version":[{"id":860,"href":"https:\/\/mdsconsilia.fr\/index.php\/wp-json\/wp\/v2\/pages\/755\/revisions\/860"}],"wp:attachment":[{"href":"https:\/\/mdsconsilia.fr\/index.php\/wp-json\/wp\/v2\/media?parent=755"}],"curies":[{"name":"wp","href":"https:\/\/api.w.org\/{rel}","templated":true}]}}